{"id":679,"date":"2021-03-24T22:28:01","date_gmt":"2021-03-24T21:28:01","guid":{"rendered":"http:\/\/1932works.be\/?page_id=679"},"modified":"2023-06-29T00:21:57","modified_gmt":"2023-06-28T22:21:57","slug":"bld-de-la-woluwe-ferme","status":"publish","type":"page","link":"https:\/\/1932works.be\/nl\/bld-de-la-woluwe-ferme\/","title":{"rendered":"Woluwedal: geen toegang meer tot Zaventem!"},"content":{"rendered":"<p class=\"has-kb-palette-1-color has-text-color\"><strong>UPDATE mei 2023 : <\/strong><\/p>\n\n\n\n<p>Naar aanleiding van de 88 bezwaarschriften van de inwoners van Sint-Stevens Woluwe in 2021 tegen de sluiting van Woluwedal blijven wij verbonden met de Ring!<\/p>\n\n\n\n<p>De druk was te hoog voor de Werkvennootschap.<\/p>\n\n\n\n<p class=\"translation-block\">Het lijkt erop dat de Werkvennootschap de Woluweldal kan behouden, maar niet de toegang tot Zaventem vanaf de Woluwedal.<\/p>\n\n\n\n<p>1932works vraagt om de opritten en afritten R22 naar Zaventem te behouden.<\/p>\n\n\n\n<p>De Werkvennootschap zoekt nog naar een oplossing om de komende overbelasting van de Belgicastraat en een verplichte doorgang voorbij de Aston-Martin garage te vermijden. In de laatste studie bij het openbaar onderzoek is er geen oplossing. Dus snelweg voor de kerk, de Aston Martin garage en Belgicastraat. De 2 rondpuntpunten worden gesloopt om de bussen van De Lijn door de laten. <\/p>\n\n\n\n<p><strong>De oplossing is uiteraard om de opritten van de R22 naar de nieuwe brug te behouden!<\/strong><\/p>\n\n\n<style>.kb-image_a198fd-81 .kb-image-has-overlay:after{opacity:0.3;}<\/style>\n<figure class=\"wp-block-kadence-image kb-image_a198fd-81 size-medium_large\"><img loading=\"lazy\" decoding=\"async\" width=\"768\" height=\"1909\" src=\"https:\/\/1932works.be\/wp-content\/uploads\/2023\/05\/Aanpassing-wisselaar-Henneau-R22-768x1909.jpg\" alt=\"\" class=\"kb-img wp-image-1021\" srcset=\"\" sizes=\"auto, (max-width: 767px) 89vw, (max-width: 1000px) 54vw, (max-width: 1071px) 543px, 580px\" data-srcset=\"\" \/><\/figure>\n\n\n\n<hr class=\"wp-block-separator has-alpha-channel-opacity\"\/>\n\n\n\n<p><\/p>\n\n\n\n<p>Wij zijn van mening dat de Werkvennootschap verkeerde beslissingen neemt met het project Werken aan de Ring:<\/p>\n\n\n\n<ol class=\"wp-block-list\">\n<li>Het oorspronkelijk project om de Ring te verbreden wordt omgevormd tot een project om de verkeerswisselaars af te breken en deze weer op te bouwen.<\/li>\n\n\n\n<li>De nieuwe Henneau-brug wordt in 2024 geopend met opritten naar de Woluwedal, die kort daarna worden afgebroken.<\/li>\n<\/ol>\n\n\n\n<p>Kortom, hinder en belastingsgeld zijn voor de Werkvennootschap van weinig belang.<\/p>\n\n\n\n<p>In samenwerking met de drukkingsgroep Sterrebeek2000 hebben we onze bezorgdheden kenbaar gemaakt aan het College van Burgemeester en Schepenen van Zaventem. <a href=\"http:\/\/1932works.be\/wp-content\/uploads\/2021\/03\/Opmerkingen-bij-commissie-Ring-R0-17-maart-2021.pdf\">Upload hier onze brief.<\/a><\/p>\n<!-- AddThis Advanced Settings generic via filter on the_content -->","protected":false},"excerpt":{"rendered":"<p>UPDATE MAI 2023 : Suite aux 88 recours des habitants de Woluw\u00e9 Saint-Etienne en 2021 contre la fermeture du Bld de la Woluwe &#8230; notre Boulevard de la Woluwe restera raccord\u00e9 au Ring ! La pression \u00e9tait \u00e9vidente pour le Werkvennootschap. Ils ont abord\u00e9 le sujet lors d&rsquo;une interview chez Ring TV Il semblerait que &hellip; <\/p>\n<p class=\"link-more\"><a href=\"https:\/\/1932works.be\/nl\/bld-de-la-woluwe-ferme\/\" class=\"more-link\">Lees verder <span class=\"screen-reader-text\">\u00ab\u00a0Bld de la Woluwe: plus d&rsquo;acc\u00e8s \u00e0 Zaventem!\u00a0\u00bb<\/span><\/a><\/p>\n<p><!-- AddThis Advanced Settings generic via filter on get_the_excerpt --><\/p>","protected":false},"author":1,"featured_media":0,"parent":0,"menu_order":0,"comment_status":"closed","ping_status":"closed","template":"","meta":{"footnotes":""},"class_list":["post-679","page","type-page","status-publish","hentry"],"aioseo_notices":[],"_links":{"self":[{"href":"https:\/\/1932works.be\/nl\/wp-json\/wp\/v2\/pages\/679","targetHints":{"allow":["GET"]}}],"collection":[{"href":"https:\/\/1932works.be\/nl\/wp-json\/wp\/v2\/pages"}],"about":[{"href":"https:\/\/1932works.be\/nl\/wp-json\/wp\/v2\/types\/page"}],"author":[{"embeddable":true,"href":"https:\/\/1932works.be\/nl\/wp-json\/wp\/v2\/users\/1"}],"replies":[{"embeddable":true,"href":"https:\/\/1932works.be\/nl\/wp-json\/wp\/v2\/comments?post=679"}],"version-history":[{"count":17,"href":"https:\/\/1932works.be\/nl\/wp-json\/wp\/v2\/pages\/679\/revisions"}],"predecessor-version":[{"id":1093,"href":"https:\/\/1932works.be\/nl\/wp-json\/wp\/v2\/pages\/679\/revisions\/1093"}],"wp:attachment":[{"href":"https:\/\/1932works.be\/nl\/wp-json\/wp\/v2\/media?parent=679"}],"curies":[{"name":"wp","href":"https:\/\/api.w.org\/{rel}","templated":true}]}}