{"id":611,"date":"2021-01-28T19:02:29","date_gmt":"2021-01-28T18:02:29","guid":{"rendered":"http:\/\/1932works.be\/?page_id=611"},"modified":"2021-01-29T18:54:53","modified_gmt":"2021-01-29T17:54:53","slug":"hotel-belgicastraat","status":"publish","type":"page","link":"https:\/\/1932works.be\/nl\/hotel-belgicastraat\/","title":{"rendered":"Hotel Belgicastraat"},"content":{"rendered":"<p>1932works ontdekte te laat dat er een bouwvergunning werd goedgekeurd door het college van burgemeester en schepenen voor een hotel met 391 kamers in de Belgicastraat.<\/p>\n<p>In de tussentijd is het niet meer mogelijk om in beroep te gaan, we zullen mee met het project moeten leven.<\/p>\n<p><a href=\"http:\/\/1932works.be\/wp-content\/uploads\/2021\/01\/Hotel-Belgicastraat.jpg\"><img loading=\"lazy\" decoding=\"async\" class=\"alignnone size-full wp-image-621\" src=\"http:\/\/1932works.be\/wp-content\/uploads\/2021\/01\/Hotel-Belgicastraat.jpg\" alt=\"\" width=\"878\" height=\"832\" srcset=\"https:\/\/1932works.be\/wp-content\/uploads\/2021\/01\/Hotel-Belgicastraat.jpg 878w, https:\/\/1932works.be\/wp-content\/uploads\/2021\/01\/Hotel-Belgicastraat-300x284.jpg 300w, https:\/\/1932works.be\/wp-content\/uploads\/2021\/01\/Hotel-Belgicastraat-768x728.jpg 768w, https:\/\/1932works.be\/wp-content\/uploads\/2021\/01\/Hotel-Belgicastraat-13x12.jpg 13w\" sizes=\"auto, (max-width: 767px) 89vw, (max-width: 1000px) 54vw, (max-width: 1071px) 543px, 580px\" \/><\/a><\/p>\n<p>Deze prachtige groene zone tussen onze gemeente en de Keiberg verdwijnt onder het beton.<\/p>\n<p>We konden geen plannen van het hotel verkrijgen, maar 391 kamers is een heel groot hotel en heel hoog te bouwen.<\/p>\n<p><a href=\"http:\/\/1932works.be\/wp-content\/uploads\/2021\/01\/Hotels-Belgicastr.jpg\"><img loading=\"lazy\" decoding=\"async\" class=\"alignnone size-large wp-image-604\" src=\"http:\/\/1932works.be\/wp-content\/uploads\/2021\/01\/Hotels-Belgicastr-1024x563.jpg\" alt=\"\" width=\"525\" height=\"289\" srcset=\"\" sizes=\"auto, (max-width: 525px) 100vw, 525px\" data-srcset=\"\" \/><\/a><\/p>\n<p>VERTROUWELIJK: We vernemen dat als onderdeel van de revitalisering van de Keiberg-site een aanzienlijk belastingvoordeel wordt geboden aan investeerders. (vrijstelling 21% BTW )<\/p>\n<p>Tot gevolg zijn hotel projecten zeer gegeerd voor investeerders: een Movenpick-hotel met 170 kamers in de Keiberg, uitbreiding van de Campanile tot 151 kamers, een 156-kamerhotel in de Minervastraat en dit hotel met 391 kamers.<\/p>\n<p>Totaal: 868 kamers !<\/p>\n<p>De ambitie van de gemeente is om hotels te openen in een gebied waar het vandalisme toeneemt (waaronder 1 dode in december 2020) om 's nachts sociaal toezicht te garanderen.<\/p>\n<p>Het overaanbod is zodanig dat de promotor van Movenpick kleine investeerders oproept om de risico's te spreiden. U kunt investeren in een kamer investeren voor 196.000\u20ac.<\/p>\n<p><a href=\"http:\/\/1932works.be\/wp-content\/uploads\/2021\/01\/humour-volgebouwd-fr.jpg\"><img loading=\"lazy\" decoding=\"async\" class=\"size-large wp-image-613 aligncenter\" src=\"http:\/\/1932works.be\/wp-content\/uploads\/2021\/01\/humour-volgebouwd.jpg\" alt=\"\" width=\"525\" height=\"395\" srcset=\"https:\/\/1932works.be\/wp-content\/uploads\/2021\/01\/humour-volgebouwd.jpg 1024w, https:\/\/1932works.be\/wp-content\/uploads\/2021\/01\/humour-volgebouwd-300x226.jpg 300w, https:\/\/1932works.be\/wp-content\/uploads\/2021\/01\/humour-volgebouwd-768x578.jpg 768w, https:\/\/1932works.be\/wp-content\/uploads\/2021\/01\/humour-volgebouwd-16x12.jpg 16w\" sizes=\"auto, (max-width: 525px) 100vw, 525px\" \/><\/a><\/p>\n<p>&nbsp;<\/p>\n<!-- AddThis Advanced Settings generic via filter on the_content -->","protected":false},"excerpt":{"rendered":"<p>1932works a d\u00e9couvert en retard qu&rsquo;un permis de b\u00e2tir a \u00e9t\u00e9 approuv\u00e9 par le coll\u00e8ge des bourgmestre et \u00e9chevins pour un h\u00f4tel de 391 chambres dans la Belgicastraat. Entre-temps il n&rsquo;est plus possible d&rsquo;introduire un recours, il faudra faire avec. Cette magnifique zone verte entre notre commune et le zoning dispara\u00eetra sous le b\u00e9ton. Nous &hellip; <\/p>\n<p class=\"link-more\"><a href=\"https:\/\/1932works.be\/nl\/hotel-belgicastraat\/\" class=\"more-link\">Lees verder <span class=\"screen-reader-text\">\u00ab\u00a0Hotel Belgicastraat\u00a0\u00bb<\/span><\/a><\/p>\n<p><!-- AddThis Advanced Settings generic via filter on get_the_excerpt --><\/p>","protected":false},"author":1,"featured_media":0,"parent":0,"menu_order":0,"comment_status":"closed","ping_status":"closed","template":"","meta":{"footnotes":""},"class_list":["post-611","page","type-page","status-publish","hentry"],"aioseo_notices":[],"_links":{"self":[{"href":"https:\/\/1932works.be\/nl\/wp-json\/wp\/v2\/pages\/611","targetHints":{"allow":["GET"]}}],"collection":[{"href":"https:\/\/1932works.be\/nl\/wp-json\/wp\/v2\/pages"}],"about":[{"href":"https:\/\/1932works.be\/nl\/wp-json\/wp\/v2\/types\/page"}],"author":[{"embeddable":true,"href":"https:\/\/1932works.be\/nl\/wp-json\/wp\/v2\/users\/1"}],"replies":[{"embeddable":true,"href":"https:\/\/1932works.be\/nl\/wp-json\/wp\/v2\/comments?post=611"}],"version-history":[{"count":9,"href":"https:\/\/1932works.be\/nl\/wp-json\/wp\/v2\/pages\/611\/revisions"}],"predecessor-version":[{"id":635,"href":"https:\/\/1932works.be\/nl\/wp-json\/wp\/v2\/pages\/611\/revisions\/635"}],"wp:attachment":[{"href":"https:\/\/1932works.be\/nl\/wp-json\/wp\/v2\/media?parent=611"}],"curies":[{"name":"wp","href":"https:\/\/api.w.org\/{rel}","templated":true}]}}