{"id":601,"date":"2021-01-28T18:16:52","date_gmt":"2021-01-28T17:16:52","guid":{"rendered":"http:\/\/1932works.be\/?page_id=601"},"modified":"2021-01-28T18:40:06","modified_gmt":"2021-01-28T17:40:06","slug":"woluwevelden","status":"publish","type":"page","link":"https:\/\/1932works.be\/nl\/woluwevelden\/","title":{"rendered":"Woluwevelden"},"content":{"rendered":"<p>Velen hebben zich zorgen gemaakt over een belangrijke werf in de velden tussen onze gemeente en de NAVO.<\/p>\n<p><a href=\"http:\/\/1932works.be\/wp-content\/uploads\/2021\/01\/Woluwevelden.jpg\"><img loading=\"lazy\" decoding=\"async\" class=\"alignnone size-large wp-image-605\" src=\"http:\/\/1932works.be\/wp-content\/uploads\/2021\/01\/Woluwevelden.jpg\" alt=\"\" width=\"525\" height=\"378\" srcset=\"https:\/\/1932works.be\/wp-content\/uploads\/2021\/01\/Woluwevelden.jpg 1565w, https:\/\/1932works.be\/wp-content\/uploads\/2021\/01\/Woluwevelden-300x216.jpg 300w, https:\/\/1932works.be\/wp-content\/uploads\/2021\/01\/Woluwevelden-768x554.jpg 768w, https:\/\/1932works.be\/wp-content\/uploads\/2021\/01\/Woluwevelden-1024x738.jpg 1024w, https:\/\/1932works.be\/wp-content\/uploads\/2021\/01\/Woluwevelden-16x12.jpg 16w\" sizes=\"auto, (max-width: 525px) 100vw, 525px\" \/><\/a><\/p>\n<p>Vrachtwagens komen en gaan en heuvels schieten als paddenstoelen uit de grond.<\/p>\n<p><a href=\"http:\/\/1932works.be\/wp-content\/uploads\/2021\/01\/Woluwevelden2.jpg\"><img loading=\"lazy\" decoding=\"async\" class=\"alignnone size-full wp-image-606\" src=\"http:\/\/1932works.be\/wp-content\/uploads\/2021\/01\/Woluwevelden2.jpg\" alt=\"\" width=\"640\" height=\"480\" srcset=\"https:\/\/1932works.be\/wp-content\/uploads\/2021\/01\/Woluwevelden2.jpg 640w, https:\/\/1932works.be\/wp-content\/uploads\/2021\/01\/Woluwevelden2-300x225.jpg 300w, https:\/\/1932works.be\/wp-content\/uploads\/2021\/01\/Woluwevelden2-16x12.jpg 16w\" sizes=\"auto, (max-width: 640px) 100vw, 640px\" \/><\/a><\/p>\n<p>Wees gerust, er wordt niets gebouwd in deze groene zone!<\/p>\n<p>De aanleg van nieuwe fietspaden van Zaventem naar Diegem vraagt \u200b\u200bom een \u200b\u200btijdelijke opslag van gronden.<\/p>\n<p>Het nieuwe fietspad zal langs de spoorweg Zaventem-Diegem lopen. (initiatief van het Vlaamse Gewest)<\/p>\n<p>Na deze werf zullen de ma\u00efs- en tarwevelden terug hun plaats vinden.<\/p>\n<p>&nbsp;<\/p>\n<!-- AddThis Advanced Settings generic via filter on the_content -->","protected":false},"excerpt":{"rendered":"<p>Vous \u00eatre nombreux \u00e0 vous \u00eatre inqui\u00e9t\u00e9s pour un chantier important dans les champs de Woluw\u00e9 entre notre commune et l&rsquo;Otan. Il y a un va et vient r\u00e9gulier de camions de chantier et des collines terre poussent comme des champignons. Rassurez-vous, rien ne sera construit dans cette zone verte ! Un chantier pour nouvelles &hellip; <\/p>\n<p class=\"link-more\"><a href=\"https:\/\/1932works.be\/nl\/woluwevelden\/\" class=\"more-link\">Lees verder <span class=\"screen-reader-text\">\u00ab\u00a0Woluwevelden\u00a0\u00bb<\/span><\/a><\/p>\n<p><!-- AddThis Advanced Settings generic via filter on get_the_excerpt --><\/p>","protected":false},"author":1,"featured_media":0,"parent":0,"menu_order":0,"comment_status":"closed","ping_status":"closed","template":"","meta":{"footnotes":""},"class_list":["post-601","page","type-page","status-publish","hentry"],"aioseo_notices":[],"_links":{"self":[{"href":"https:\/\/1932works.be\/nl\/wp-json\/wp\/v2\/pages\/601","targetHints":{"allow":["GET"]}}],"collection":[{"href":"https:\/\/1932works.be\/nl\/wp-json\/wp\/v2\/pages"}],"about":[{"href":"https:\/\/1932works.be\/nl\/wp-json\/wp\/v2\/types\/page"}],"author":[{"embeddable":true,"href":"https:\/\/1932works.be\/nl\/wp-json\/wp\/v2\/users\/1"}],"replies":[{"embeddable":true,"href":"https:\/\/1932works.be\/nl\/wp-json\/wp\/v2\/comments?post=601"}],"version-history":[{"count":4,"href":"https:\/\/1932works.be\/nl\/wp-json\/wp\/v2\/pages\/601\/revisions"}],"predecessor-version":[{"id":610,"href":"https:\/\/1932works.be\/nl\/wp-json\/wp\/v2\/pages\/601\/revisions\/610"}],"wp:attachment":[{"href":"https:\/\/1932works.be\/nl\/wp-json\/wp\/v2\/media?parent=601"}],"curies":[{"name":"wp","href":"https:\/\/api.w.org\/{rel}","templated":true}]}}