{"id":580,"date":"2021-01-28T00:17:44","date_gmt":"2021-01-27T23:17:44","guid":{"rendered":"http:\/\/1932works.be\/?page_id=580"},"modified":"2021-01-28T13:23:41","modified_gmt":"2021-01-28T12:23:41","slug":"un-nouveau-mega-chantier-nouveau-pont-henneaulaan","status":"publish","type":"page","link":"https:\/\/1932works.be\/nl\/un-nouveau-mega-chantier-nouveau-pont-henneaulaan\/","title":{"rendered":"Brug Henneaulaan"},"content":{"rendered":"<h1 style=\"text-align: center;\"><span style=\"color: #ff0000;\"><strong>Een nieuwe mega werf: nieuwe brug Henneaulaan<\/strong><\/span><\/h1>\n<p><span style=\"color: #008000;\"><strong>JANUARI 2021:<\/strong><\/span><\/p>\n<p><a href=\"http:\/\/1932works.be\/wp-content\/uploads\/2021\/01\/Henneau-3.jpg\"><img loading=\"lazy\" decoding=\"async\" class=\"alignnone size-full wp-image-577\" src=\"http:\/\/1932works.be\/wp-content\/uploads\/2021\/01\/Henneau-3.jpg\" alt=\"\" width=\"1035\" height=\"472\" srcset=\"https:\/\/1932works.be\/wp-content\/uploads\/2021\/01\/Henneau-3.jpg 1035w, https:\/\/1932works.be\/wp-content\/uploads\/2021\/01\/Henneau-3-300x137.jpg 300w, https:\/\/1932works.be\/wp-content\/uploads\/2021\/01\/Henneau-3-768x350.jpg 768w, https:\/\/1932works.be\/wp-content\/uploads\/2021\/01\/Henneau-3-1024x467.jpg 1024w, https:\/\/1932works.be\/wp-content\/uploads\/2021\/01\/Henneau-3-16x7.jpg 16w\" sizes=\"auto, (max-width: 767px) 89vw, (max-width: 1000px) 54vw, (max-width: 1071px) 543px, 580px\" \/><\/a><\/p>\n<p>De Henneaulaanbrug op de Brusselse ring is al jaren onderwerp van discussie. Fietsers moeten zich een weg zoeken door de voorgestelde fietspaden tussen de files, met grote gevaren. Bovendien staat deze brug in de top 10 van de meest gedegradeerde bruggen in Vlaanderen. De afrit naar de binnenring wordt vastgehouden door middel van stutten en we kunnen de schokken voelen wanneer we richting binnenring rijden!<\/p>\n<p>De Werkvennootschap kreeg de opdracht om een \u200b\u200boplossing te onderzoeken en koos voor 2 bruggen.<\/p>\n<p>Vanaf mei 2021 wordt een eerste brug gebouwd om de continu\u00efteit van het verkeer te waarborgen. De oude brug wordt dan afgebroken. Een tweede nieuwe brug komt in de plaats van de oude brug, in het verlengde van de Henneaulaan. De 2 nieuwe bruggen zullen aaneengesloten zijn en in feite slechts \u00e9\u00e9n brug vormen.<\/p>\n<p>De eerste brug wordt dan omgebouwd tot een luxe fietspad met ecoduct.<\/p>\n<p><a href=\"http:\/\/1932works.be\/wp-content\/uploads\/2021\/01\/Henneau-4.jpg\"><img loading=\"lazy\" decoding=\"async\" class=\"alignnone size-full wp-image-576\" src=\"http:\/\/1932works.be\/wp-content\/uploads\/2021\/01\/Henneau-4.jpg\" alt=\"\" width=\"1082\" height=\"535\" srcset=\"https:\/\/1932works.be\/wp-content\/uploads\/2021\/01\/Henneau-4.jpg 1082w, https:\/\/1932works.be\/wp-content\/uploads\/2021\/01\/Henneau-4-300x148.jpg 300w, https:\/\/1932works.be\/wp-content\/uploads\/2021\/01\/Henneau-4-768x380.jpg 768w, https:\/\/1932works.be\/wp-content\/uploads\/2021\/01\/Henneau-4-1024x506.jpg 1024w, https:\/\/1932works.be\/wp-content\/uploads\/2021\/01\/Henneau-4-16x8.jpg 16w\" sizes=\"auto, (max-width: 767px) 89vw, (max-width: 1000px) 54vw, (max-width: 1071px) 543px, 580px\" \/><\/a><\/p>\n<p><strong><span style=\"color: #008000;\">De mening van 1932works: gemengd.<\/span><\/strong><\/p>\n<p>De oude brug kon waarschijnlijk worden gered, maar de fietspaden en trottoirs waren gevaarlijk.<\/p>\n<p>Na 6 jaar werven voor 2 kruispunten in onze gemeente, zullen we nog 3 jaar geduld moeten uitoefenen met gegarandeerde files. Uit ervaring weten we dat 3 jaar een minimum is.<\/p>\n<p>Bovendien zal de doorstroming op de brug minder goed zijn dan de huidige brug. Het doel is om je op je fiets te krijgen, wat zich vertaalt in  promoten van multimodaal vervoer.<\/p>\n<p><a href=\"http:\/\/1932works.be\/wp-content\/uploads\/2021\/01\/Henneau-1.jpg\"><img loading=\"lazy\" decoding=\"async\" class=\"alignnone size-large wp-image-579\" src=\"http:\/\/1932works.be\/wp-content\/uploads\/2021\/01\/Henneau-1.jpg\" alt=\"\" width=\"525\" height=\"455\" srcset=\"https:\/\/1932works.be\/wp-content\/uploads\/2021\/01\/Henneau-1.jpg 1036w, https:\/\/1932works.be\/wp-content\/uploads\/2021\/01\/Henneau-1-300x260.jpg 300w, https:\/\/1932works.be\/wp-content\/uploads\/2021\/01\/Henneau-1-768x665.jpg 768w, https:\/\/1932works.be\/wp-content\/uploads\/2021\/01\/Henneau-1-1024x887.jpg 1024w, https:\/\/1932works.be\/wp-content\/uploads\/2021\/01\/Henneau-1-14x12.jpg 14w\" sizes=\"auto, (max-width: 525px) 100vw, 525px\" \/><\/a><\/p>\n<p>Het autoverkeer op de brug zal moeilijk zijn aangezien alle op- en afritten zich aan de noordzijde van de brug bevinden, de zuidzijde is gereserveerd voor het fietspad.<\/p>\n<p><a href=\"http:\/\/1932works.be\/wp-content\/uploads\/2021\/01\/Henneau-2-low-res.jpg\"><img loading=\"lazy\" decoding=\"async\" class=\"alignnone wp-image-593 size-full\" src=\"http:\/\/1932works.be\/wp-content\/uploads\/2021\/01\/Henneau-2-low-res.jpg\" alt=\"\" width=\"400\" height=\"832\" srcset=\"https:\/\/1932works.be\/wp-content\/uploads\/2021\/01\/Henneau-2-low-res.jpg 400w, https:\/\/1932works.be\/wp-content\/uploads\/2021\/01\/Henneau-2-low-res-144x300.jpg 144w, https:\/\/1932works.be\/wp-content\/uploads\/2021\/01\/Henneau-2-low-res-6x12.jpg 6w\" sizes=\"auto, (max-width: 400px) 100vw, 400px\" \/><\/a><\/p>\n<p>Naar aanleiding van deze werken zullen de opritten tussen de Woluwedal en de Ring worden verplaatst.<\/p>\n<p>Op 19 januari 2021 verspreidde de Franstalige pers informatie dat de Woluwedal permanent gesloten zou zijn tussen de Ring en de Leuvense steenweg. We denken dat er een misverstand in de pers is gebeurd. De plannen voor de Werkvennootschap houden rekening met een verplaatste en 'compactere' Woluwedal tussen de Aldi en de Ring. Laten we niet vergeten dat de nieuwe bedrijvenzone (nu in project) Lozenberg 3 ook toegankelijk moet zijn vanaf de Woluwedal.<\/p>\n<hr \/>\n<p><strong><span style=\"color: #008000;\">Antwoorden van de Werkvennootschap op vragen van 1932works, tijdens het openbaar onderzoek:<\/span><\/strong><\/p>\n<p><a href=\"http:\/\/1932works.be\/wp-content\/uploads\/2021\/01\/Henneau-bezwaar-nl.pdf\" target=\"_blank\" rel=\"noopener\">Upload informatie<\/a><\/p>\n<hr \/>\n<p>De VOKA heeft een humoristische video uitgebracht van de huidige situatie van de Henneaulaanbrug: <a href=\"https:\/\/www.youtube.com\/watch?v=NyB-IB3zlmk\" target=\"_blank\" rel=\"noopener\">Video afspelen !<\/a><\/p>\n<hr \/>\n<p>De Werkvennootschap heeft ook een video vrijgegeven waarin het project wordt uitgelegd: <a href=\"http:\/\/1932works.be\/wp-content\/uploads\/2021\/01\/Henneau-werken-aan-de-ring.wmv\">Video afspelen !<\/a><\/p>\n<hr \/>\n<p>&nbsp;<\/p>\n<p>&nbsp;<\/p>\n<p>&nbsp;<\/p>\n<p>&nbsp;<\/p>\n<!-- AddThis Advanced Settings generic via filter on the_content -->","protected":false},"excerpt":{"rendered":"<p>Un nouveau m\u00e9ga chantier: nouveau pont Henneaulaan JANVIER 2021: Le pont de la Henneaulaan sur le ring de Bruxelles fait l&rsquo;objet de discussions depuis des ann\u00e9es. Les cyclistes doivent se frayer un chemin \u00e0 travers les pistes cyclables sugg\u00e9r\u00e9es entre les nombreux embouteillages, au p\u00e9ril de leur vie.\u00a0 De plus ce pont se situe dans &hellip; <\/p>\n<p class=\"link-more\"><a href=\"https:\/\/1932works.be\/nl\/un-nouveau-mega-chantier-nouveau-pont-henneaulaan\/\" class=\"more-link\">Lees verder <span class=\"screen-reader-text\">\u00ab\u00a0Pont Henneaulaan\u00a0\u00bb<\/span><\/a><\/p>\n<p><!-- AddThis Advanced Settings generic via filter on get_the_excerpt --><\/p>","protected":false},"author":1,"featured_media":0,"parent":0,"menu_order":0,"comment_status":"closed","ping_status":"closed","template":"","meta":{"footnotes":""},"class_list":["post-580","page","type-page","status-publish","hentry"],"aioseo_notices":[],"_links":{"self":[{"href":"https:\/\/1932works.be\/nl\/wp-json\/wp\/v2\/pages\/580","targetHints":{"allow":["GET"]}}],"collection":[{"href":"https:\/\/1932works.be\/nl\/wp-json\/wp\/v2\/pages"}],"about":[{"href":"https:\/\/1932works.be\/nl\/wp-json\/wp\/v2\/types\/page"}],"author":[{"embeddable":true,"href":"https:\/\/1932works.be\/nl\/wp-json\/wp\/v2\/users\/1"}],"replies":[{"embeddable":true,"href":"https:\/\/1932works.be\/nl\/wp-json\/wp\/v2\/comments?post=580"}],"version-history":[{"count":13,"href":"https:\/\/1932works.be\/nl\/wp-json\/wp\/v2\/pages\/580\/revisions"}],"predecessor-version":[{"id":600,"href":"https:\/\/1932works.be\/nl\/wp-json\/wp\/v2\/pages\/580\/revisions\/600"}],"wp:attachment":[{"href":"https:\/\/1932works.be\/nl\/wp-json\/wp\/v2\/media?parent=580"}],"curies":[{"name":"wp","href":"https:\/\/api.w.org\/{rel}","templated":true}]}}