{"id":492,"date":"2020-12-26T16:55:59","date_gmt":"2020-12-26T15:55:59","guid":{"rendered":"http:\/\/1932works.be\/?page_id=492"},"modified":"2023-04-08T23:00:16","modified_gmt":"2023-04-08T21:00:16","slug":"tiendeschuur","status":"publish","type":"page","link":"https:\/\/1932works.be\/nl\/tiendeschuur\/","title":{"rendered":"Tiendeschuur"},"content":{"rendered":"<p><span style=\"color: #008000;\"><strong>DERNIERS INFOS MARS&nbsp; 2022:<\/strong><\/span><\/p>\n\n\n\n<p>De inwoners van SSW wonnen bij de Raad van State tegen het college van Zaventem.<\/p>\n\n\n\n<p>Helaas werd het college te laat ingelicht door de door de gemeente gemandateerde advocaat en hebben de gemeentelijke diensten in 3 dagen het bos van het Tiendeschuurveld met de grond gelijk gemaakt.<\/p>\n\n\n\n<p>Tijdens de gemeenteraadsraden die volgden, werden door de NVA in de oppositie hard aan de oren getrokken van de schepenen... Maar het kwaad is geschied.<\/p>\n\n\n\n<p>Tot op heden is het project geblokkeerd.<\/p>\n\n\n<style>.kb-gallery-id-_7c0863-2a.kb-gallery-ul.kb-gallery-type-fluidcarousel .kt-blocks-carousel figure .kb-gal-image-radius, .kb-gallery-id-_7c0863-2a.kb-gallery-ul.kb-gallery-type-fluidcarousel .kt-blocks-carousel figure .kb-gal-image-radius img{height:300px;}.kb-gallery-id-_7c0863-2a .kadence-blocks-gallery-item .kb-gal-image-radius, .kb-gallery-id-_7c0863-2a .kb-slide-item .kb-gal-image-radius img{border-radius:0px 0px 0px 0px;;}.kb-gallery-wrap-id-_7c0863-2a.wp-block-kadence-advancedgallery{overflow:visible;}.kb-gallery-wrap-id-_7c0863-2a.wp-block-kadence-advancedgallery .kt-blocks-carousel{overflow:visible;max-width:100%;}<\/style><div class=\"kb-gallery-wrap-id-_7c0863-2a alignnone wp-block-kadence-advancedgallery\"><div class=\"kb-gallery-ul kb-gallery-non-static kb-gallery-type-fluidcarousel kb-gallery-id-_7c0863-2a kb-gallery-caption-style-bottom-hover kb-gallery-filter-none\" data-image-filter=\"none\" data-lightbox-caption=\"true\"><div class=\"kt-blocks-carousel splide kt-carousel-container-dotstyle-dark kt-carousel-arrowstyle-whiteondark kt-carousel-dotstyle-dark kb-slider-group-arrow kb-slider-arrow-position-center\" data-slider-anim-speed=\"400\" data-slider-scroll=\"1\" data-slider-arrows=\"true\" data-slider-dots=\"true\" data-slider-hover-pause=\"false\" data-slider-auto=\"\" data-slider-speed=\"7000\" data-slider-type=\"fluidcarousel\" data-slider-center-mode=\"true\" data-slider-gap=\"10px\" data-slider-gap-tablet=\"10px\" data-slider-gap-mobile=\"10px\" data-show-pause-button=\"false\"><div class=\"splide__track\"><ul class=\"kt-blocks-carousel-init kb-blocks-fluid-carousel splide__list\"><li class=\"kb-slide-item kb-gallery-carousel-item splide__slide\"><div class=\"kadence-blocks-gallery-item\"><div class=\"kadence-blocks-gallery-item-inner\"><figure class=\"kb-gallery-figure kadence-blocks-gallery-item-hide-caption\"><div class=\"kb-gal-image-radius\"><div class=\"kb-gallery-image-contain\" ><img loading=\"lazy\" decoding=\"async\" src=\"http:\/\/1932works.be\/wp-content\/uploads\/2022\/03\/cropped-IMG_6059-1024x610.jpg\" width=\"525\" height=\"313\" alt=\"\" data-full-image=\"http:\/\/1932works.be\/wp-content\/uploads\/2022\/03\/cropped-IMG_6059.jpg\" data-light-image=\"http:\/\/1932works.be\/wp-content\/uploads\/2022\/03\/cropped-IMG_6059.jpg\" data-id=\"785\" class=\"wp-image-785 skip-lazy\" srcset=\"https:\/\/1932works.be\/wp-content\/uploads\/2022\/03\/cropped-IMG_6059-1024x610.jpg 1024w, https:\/\/1932works.be\/wp-content\/uploads\/2022\/03\/cropped-IMG_6059-300x179.jpg 300w, https:\/\/1932works.be\/wp-content\/uploads\/2022\/03\/cropped-IMG_6059-768x457.jpg 768w, https:\/\/1932works.be\/wp-content\/uploads\/2022\/03\/cropped-IMG_6059-16x10.jpg 16w, https:\/\/1932works.be\/wp-content\/uploads\/2022\/03\/cropped-IMG_6059.jpg 2000w\" sizes=\"auto, (max-width: 525px) 100vw, 525px\" \/><\/div><\/div><\/figure><\/div><\/div><\/li><li class=\"kb-slide-item kb-gallery-carousel-item splide__slide\"><div class=\"kadence-blocks-gallery-item\"><div class=\"kadence-blocks-gallery-item-inner\"><figure class=\"kb-gallery-figure kadence-blocks-gallery-item-hide-caption\"><div class=\"kb-gal-image-radius\"><div class=\"kb-gallery-image-contain\" ><img loading=\"lazy\" decoding=\"async\" src=\"http:\/\/1932works.be\/wp-content\/uploads\/2022\/03\/IMG_6059-1024x768.jpg\" width=\"525\" height=\"394\" alt=\"\" data-full-image=\"http:\/\/1932works.be\/wp-content\/uploads\/2022\/03\/IMG_6059.jpg\" data-light-image=\"http:\/\/1932works.be\/wp-content\/uploads\/2022\/03\/IMG_6059.jpg\" data-id=\"779\" class=\"wp-image-779 skip-lazy\" srcset=\"https:\/\/1932works.be\/wp-content\/uploads\/2022\/03\/IMG_6059-1024x768.jpg 1024w, https:\/\/1932works.be\/wp-content\/uploads\/2022\/03\/IMG_6059-300x225.jpg 300w, https:\/\/1932works.be\/wp-content\/uploads\/2022\/03\/IMG_6059-768x576.jpg 768w, https:\/\/1932works.be\/wp-content\/uploads\/2022\/03\/IMG_6059-16x12.jpg 16w, https:\/\/1932works.be\/wp-content\/uploads\/2022\/03\/IMG_6059.jpg 2016w\" sizes=\"auto, (max-width: 525px) 100vw, 525px\" \/><\/div><\/div><\/figure><\/div><\/div><\/li><li class=\"kb-slide-item kb-gallery-carousel-item splide__slide\"><div class=\"kadence-blocks-gallery-item\"><div class=\"kadence-blocks-gallery-item-inner\"><figure class=\"kb-gallery-figure kadence-blocks-gallery-item-hide-caption\"><div class=\"kb-gal-image-radius\"><div class=\"kb-gallery-image-contain\" ><img loading=\"lazy\" decoding=\"async\" src=\"http:\/\/1932works.be\/wp-content\/uploads\/2022\/03\/keyenberg-1024x768.jpg\" width=\"525\" height=\"394\" alt=\"\" data-full-image=\"http:\/\/1932works.be\/wp-content\/uploads\/2022\/03\/keyenberg.jpg\" data-light-image=\"http:\/\/1932works.be\/wp-content\/uploads\/2022\/03\/keyenberg.jpg\" data-id=\"778\" class=\"wp-image-778 skip-lazy\" srcset=\"https:\/\/1932works.be\/wp-content\/uploads\/2022\/03\/keyenberg-1024x768.jpg 1024w, https:\/\/1932works.be\/wp-content\/uploads\/2022\/03\/keyenberg-300x225.jpg 300w, https:\/\/1932works.be\/wp-content\/uploads\/2022\/03\/keyenberg-768x576.jpg 768w, https:\/\/1932works.be\/wp-content\/uploads\/2022\/03\/keyenberg-16x12.jpg 16w, https:\/\/1932works.be\/wp-content\/uploads\/2022\/03\/keyenberg.jpg 2000w\" sizes=\"auto, (max-width: 525px) 100vw, 525px\" \/><\/div><\/div><\/figure><\/div><\/div><\/li><\/ul><\/div><\/div><\/div><\/div>\n\n\n<p>Lees dit bericht op :&nbsp;<a href=\"http:\/\/1932works.be\/nl\/2022\/03\/14\/abattage-dun-bois-pour-un-parking-de-80-places\/\">Houtkap van een bosje voor 80 parkeerplaatsen<\/a><\/p>\n\n\n\n<p>Tijdens de commissie ruimtelijke ordening van december 2020 vernamen we dat de gemeente het parkeerterrein van de voetbalclub van St-Stevens Woluwe verhuist naar de Tiendeschuurveld. (bekend om zijn Woten Tennisclub)<\/p>\n\n\n<div class=\"wp-block-image\">\n<figure class=\"aligncenter\"><a href=\"http:\/\/1932works.be\/wp-content\/uploads\/2021\/01\/Tiendeschhur-zoom-out-nl.jpg\"><img loading=\"lazy\" decoding=\"async\" width=\"1275\" height=\"1162\" src=\"http:\/\/1932works.be\/wp-content\/uploads\/2021\/01\/Tiendeschhur-zoom-out-nl.jpg\" alt=\"\" class=\"wp-image-497\" srcset=\"https:\/\/1932works.be\/wp-content\/uploads\/2021\/01\/Tiendeschhur-zoom-out-nl.jpg 1275w, https:\/\/1932works.be\/wp-content\/uploads\/2021\/01\/Tiendeschhur-zoom-out-nl-300x273.jpg 300w, https:\/\/1932works.be\/wp-content\/uploads\/2021\/01\/Tiendeschhur-zoom-out-nl-768x700.jpg 768w, https:\/\/1932works.be\/wp-content\/uploads\/2021\/01\/Tiendeschhur-zoom-out-nl-1024x933.jpg 1024w, https:\/\/1932works.be\/wp-content\/uploads\/2021\/01\/Tiendeschhur-zoom-out-nl-13x12.jpg 13w\" sizes=\"auto, (max-width: 767px) 89vw, (max-width: 1000px) 54vw, (max-width: 1071px) 543px, 580px\" \/><\/a><\/figure>\n<\/div>\n\n\n<p>Wij betreuren deze keuze, zonder enig overleg met de bewoners.<\/p>\n\n\n\n<p>Met de nieuwe parking 80 plaatsen komt er druk verkeer op de Tiendeschuurveld: elke woensdagmiddag en ieder weekend. Ook autocars bij matchen.<\/p>\n\n\n\n<p>Deze smalle straat staat bekend als de straat voor wandelaars en fietsers. De Tiendeschuurveld behoort ook tot de fietsautosnelweg Leuven-Brussel.<\/p>\n\n\n<div class=\"wp-block-image\">\n<figure class=\"aligncenter\"><a href=\"http:\/\/1932works.be\/wp-content\/uploads\/2020\/12\/Tiendeschuur-before.jpg\"><img loading=\"lazy\" decoding=\"async\" width=\"881\" height=\"772\" src=\"http:\/\/1932works.be\/wp-content\/uploads\/2020\/12\/Tiendeschuur-before.jpg\" alt=\"\" class=\"wp-image-495\" srcset=\"https:\/\/1932works.be\/wp-content\/uploads\/2020\/12\/Tiendeschuur-before.jpg 881w, https:\/\/1932works.be\/wp-content\/uploads\/2020\/12\/Tiendeschuur-before-300x263.jpg 300w, https:\/\/1932works.be\/wp-content\/uploads\/2020\/12\/Tiendeschuur-before-768x673.jpg 768w\" sizes=\"auto, (max-width: 767px) 89vw, (max-width: 1000px) 54vw, (max-width: 1071px) 543px, 580px\" \/><\/a><\/figure>\n<\/div>\n\n<div class=\"wp-block-image\">\n<figure class=\"aligncenter\"><a href=\"http:\/\/1932works.be\/wp-content\/uploads\/2021\/01\/Tiendeschuur-fleches-avant-pares-nl.jpg\"><img loading=\"lazy\" decoding=\"async\" width=\"139\" height=\"223\" src=\"http:\/\/1932works.be\/wp-content\/uploads\/2021\/01\/Tiendeschuur-fleches-avant-pares-nl.jpg\" alt=\"\" class=\"wp-image-496\"\/><\/a><\/figure>\n<\/div>\n\n\n<p class=\"has-text-align-center\"><\/p>\n\n\n\n<figure class=\"wp-block-image\"><a href=\"http:\/\/1932works.be\/wp-content\/uploads\/2020\/12\/Tiendeschuur-parking.jpg\"><img loading=\"lazy\" decoding=\"async\" width=\"1044\" height=\"872\" src=\"http:\/\/1932works.be\/wp-content\/uploads\/2020\/12\/Tiendeschuur-parking.jpg\" alt=\"\" class=\"wp-image-494\" srcset=\"https:\/\/1932works.be\/wp-content\/uploads\/2020\/12\/Tiendeschuur-parking.jpg 1044w, https:\/\/1932works.be\/wp-content\/uploads\/2020\/12\/Tiendeschuur-parking-300x251.jpg 300w, https:\/\/1932works.be\/wp-content\/uploads\/2020\/12\/Tiendeschuur-parking-768x641.jpg 768w, https:\/\/1932works.be\/wp-content\/uploads\/2020\/12\/Tiendeschuur-parking-1024x855.jpg 1024w\" sizes=\"auto, (max-width: 767px) 89vw, (max-width: 1000px) 54vw, (max-width: 1071px) 543px, 580px\" \/><\/a><\/figure>\n\n\n\n<p>Op dit bosgebied van het Tiendeschuurveld moest een fitnesscentrum vergund worden. De gemeente en de bewoners waren terughoudend vanwege mobiliteitsproblemen, het project werd afgeblazen.<\/p>\n\n\n\n<p>De gemeente heeft het terrein gekocht en voorziet een parking op de maat van een \u201cAldi Parking\u201d.<\/p>\n\n\n\n<p>Par la m\u00eame occasion l&rsquo;ancienne buvette et&nbsp; les vestiaires seront reconstruits.<\/p>\n\n\n\n<p>De grond van de oude parking en de oude gebouwen van de voetbalclub worden in 4 kavels verkocht om plaats te maken voor woningen.<\/p>\n\n\n\n<p>De inwoners van de Eversestraat dachten ontlast te zijn van het verkeer, maar verstaan dat er nog steeds doorgaand verkeer in hun straat zal zijn.<\/p>\n\n\n\n<p>Ook de bewoners van de Lange Wagenstraat zullen slachtoffer worden van het extra verkeer doordat de gemeente in de Tiendeschuurveld enkel \u00e9\u00e9nrichtingsverkeer zal toelaten.<\/p>\n\n\n\n<p>De parkeerplaatsen van de Eversestraat zullen nog steeds begeerd worden door voetballers aangezien er een pad is voorzien voor voetgangers vanaf deze straat naar de voetbalterreinen.<\/p>\n\n\n\n<p><span style=\"color: #339966;\"><strong>Besluit:<\/strong> <\/span>iedereen verliest, behalve de gemeente die 4 percelen bouwgrond gaat verkopen. Is dit een gevolg van Covid-19? De verliezen aan niet-ge\u00efnde hotel- en luchthavenbelastingen worden geschat op 12 miljoen euro. Er is ook een lening voor het nieuwe politiegebouw: 85 miljoen euro!<\/p>\n\n\n\n<p><strong><span style=\"color: #339966;\">Wat willen we?<\/span><\/strong><\/p>\n\n\n\n<p>We hopen dat de gemeente de huidige parking wil behouden met tot gevolg beperkt verkeer aan de Tiendeschuurveld .<\/p>\n\n\n\n<p>Nieuwe kleedkamers en een nieuwe kantine komen wel goed van pas.<\/p>\n\n\n\n<p><strong><span style=\"color: #339966;\">Wat moeten we doen ?<\/span><\/strong><\/p>\n\n\n\n<p>De dienst voor ruimtelijke  ordening van Zaventem onder druk zetten.<\/p>\n\n\n\n<p>In april 2020 werd het project ongemerkt vergund: de verplichte bekendmaking met een geel blad vond plaats, maar dan op het niveau van Tennisclub Woten met als commentaar 'renovatie voetbalvelden'. De details van het project werden echter pas in december 2020 bekendgemaakt.<\/p>\n\n\n\n<p>U kunt de presentatie van het project volgen die door de gemeente online is geplaatst:<\/p>\n\n\n\n<figure class=\"wp-block-embed is-type-video is-provider-youtube wp-block-embed-youtube wp-embed-aspect-16-9 wp-has-aspect-ratio\"><div class=\"wp-block-embed__wrapper\">\n<iframe loading=\"lazy\" title=\"Commissievergadering Gemeente Zaventem (08\/12\/2020)\" width=\"525\" height=\"295\" src=\"https:\/\/www.youtube.com\/embed\/Q7Kg61gR148?feature=oembed\" frameborder=\"0\" allow=\"accelerometer; autoplay; clipboard-write; encrypted-media; gyroscope; picture-in-picture; web-share\" referrerpolicy=\"strict-origin-when-cross-origin\" allowfullscreen><\/iframe>\n<\/div><\/figure>\n\n\n\n<p>De oppositie daagde onze burgemeester bij de gemeenteraad van december uit over het mobiliteitsprobleem, die reageerde met een oplossing om de straat in eenrichtingsverkeer te maken.<\/p>\n\n\n\n<p>1932works is ook verbaasd dat in de detailpresentatie op youtube geen fietsenstalling wordt gepresenteerd. Voetballers wonen waarschijnlijk te ver weg om er te fietsen!<\/p>\n\n\n<style>.kb-gallery-id-_78983d-74.kb-gallery-ul.kb-gallery-type-fluidcarousel .kt-blocks-carousel figure .kb-gal-image-radius, .kb-gallery-id-_78983d-74.kb-gallery-ul.kb-gallery-type-fluidcarousel .kt-blocks-carousel figure .kb-gal-image-radius img{height:300px;}.kb-gallery-id-_78983d-74 .kadence-blocks-gallery-item .kb-gal-image-radius, .kb-gallery-id-_78983d-74 .kb-slide-item .kb-gal-image-radius img{border-radius:0px 0px 0px 0px;;}.kb-gallery-wrap-id-_78983d-74.wp-block-kadence-advancedgallery{overflow:visible;}.kb-gallery-wrap-id-_78983d-74.wp-block-kadence-advancedgallery .kt-blocks-carousel{overflow:visible;max-width:100%;}<\/style>\n\n<style>.kb-gallery-id-_4fed3e-8b.kb-gallery-ul.kb-gallery-type-fluidcarousel .kt-blocks-carousel figure .kb-gal-image-radius, .kb-gallery-id-_4fed3e-8b.kb-gallery-ul.kb-gallery-type-fluidcarousel .kt-blocks-carousel figure .kb-gal-image-radius img{height:300px;}.kb-gallery-id-_4fed3e-8b .kadence-blocks-gallery-item .kb-gal-image-radius, .kb-gallery-id-_4fed3e-8b .kb-slide-item .kb-gal-image-radius img{border-radius:0px 0px 0px 0px;;}.kb-gallery-wrap-id-_4fed3e-8b.wp-block-kadence-advancedgallery{overflow:visible;}.kb-gallery-wrap-id-_4fed3e-8b.wp-block-kadence-advancedgallery .kt-blocks-carousel{overflow:visible;max-width:100%;}<\/style><!-- AddThis Advanced Settings generic via filter on the_content -->","protected":false},"excerpt":{"rendered":"<p>DERNIERS INFOS MARS&nbsp; 2022: Les habitants de Woluw\u00e9 Saint-Etienne ont gagn\u00e9 au conseil d&rsquo;\u00e9tat contre le coll\u00e8ge de Zaventem. Malheureusement le coll\u00e8ge a \u00e9t\u00e9 inform\u00e9 trop tard par l&rsquo;avocat mandat\u00e9 par la commune et les services communaux ont ras\u00e9 le bois de la Tiendeschuurveld en 3 jours. Lors des conseils communaux qui ont suivi, les &hellip; <\/p>\n<p class=\"link-more\"><a href=\"https:\/\/1932works.be\/nl\/tiendeschuur\/\" class=\"more-link\">Lees verder <span class=\"screen-reader-text\">\u00ab\u00a0Tiendeschuur\u00a0\u00bb<\/span><\/a><\/p>\n<p><!-- AddThis Advanced Settings generic via filter on get_the_excerpt --><\/p>","protected":false},"author":1,"featured_media":0,"parent":0,"menu_order":0,"comment_status":"closed","ping_status":"closed","template":"","meta":{"footnotes":""},"class_list":["post-492","page","type-page","status-publish","hentry"],"aioseo_notices":[],"_links":{"self":[{"href":"https:\/\/1932works.be\/nl\/wp-json\/wp\/v2\/pages\/492","targetHints":{"allow":["GET"]}}],"collection":[{"href":"https:\/\/1932works.be\/nl\/wp-json\/wp\/v2\/pages"}],"about":[{"href":"https:\/\/1932works.be\/nl\/wp-json\/wp\/v2\/types\/page"}],"author":[{"embeddable":true,"href":"https:\/\/1932works.be\/nl\/wp-json\/wp\/v2\/users\/1"}],"replies":[{"embeddable":true,"href":"https:\/\/1932works.be\/nl\/wp-json\/wp\/v2\/comments?post=492"}],"version-history":[{"count":8,"href":"https:\/\/1932works.be\/nl\/wp-json\/wp\/v2\/pages\/492\/revisions"}],"predecessor-version":[{"id":1000,"href":"https:\/\/1932works.be\/nl\/wp-json\/wp\/v2\/pages\/492\/revisions\/1000"}],"wp:attachment":[{"href":"https:\/\/1932works.be\/nl\/wp-json\/wp\/v2\/media?parent=492"}],"curies":[{"name":"wp","href":"https:\/\/api.w.org\/{rel}","templated":true}]}}