{"id":456,"date":"2020-12-25T18:26:10","date_gmt":"2020-12-25T17:26:10","guid":{"rendered":"http:\/\/1932works.be\/?page_id=456"},"modified":"2023-03-19T19:21:16","modified_gmt":"2023-03-19T18:21:16","slug":"habitations-sociales","status":"publish","type":"page","link":"https:\/\/1932works.be\/nl\/habitations-sociales\/","title":{"rendered":"Wijngaardstraat"},"content":{"rendered":"<div><span style=\"color: #008000;\"><strong>2022:<\/strong><\/span><\/div>\n<div>&nbsp;<\/div>\n<div>De gemeente Zaventem heeft zopas de sociale bouwgronden toegewezen volgens haar criteria en intern jury.<\/div>\n<div>Buren vroegen de gemeente wie de jackpot won. De dienst voor omgeving weigert te antwoorden op basis van GDPR, maar we zullen binnen 2 jaar  namen op de brievenbussen wel zien!<\/div>\n<div>&nbsp;<\/div>\n<div>We kregen de plannen voor LOT 1 in handen. Het wordt een van de mooiste huizen van Sint-Stevens Woluwe en zeer goed gelegen!<\/div>\n<div>&nbsp;<\/div>\n<div>&nbsp;<\/div>\n<div>&nbsp;<\/div>\n\n<style>.kb-image_ad878b-2f.kb-image-is-ratio-size, .kb-image_ad878b-2f .kb-image-is-ratio-size{max-width:262px;width:100%;}.wp-block-kadence-column > .kt-inside-inner-col > .kb-image_ad878b-2f.kb-image-is-ratio-size, .wp-block-kadence-column > .kt-inside-inner-col > .kb-image_ad878b-2f .kb-image-is-ratio-size{align-self:unset;}.kb-image_ad878b-2f{max-width:262px;}.image-is-svg.kb-image_ad878b-2f{-webkit-flex:0 1 100%;flex:0 1 100%;}.image-is-svg.kb-image_ad878b-2f img{width:100%;}.kb-image_ad878b-2f .kb-image-has-overlay:after{opacity:0.3;}<\/style>\n<figure class=\"wp-block-kadence-image kb-image_ad878b-2f size-large\"><img loading=\"lazy\" decoding=\"async\" class=\"kb-img wp-image-890\" src=\"http:\/\/1932works.be\/wp-content\/uploads\/2023\/03\/Wijngstr-777x1024.jpg\" alt=\"\" width=\"491\" height=\"647\" srcset=\"https:\/\/1932works.be\/wp-content\/uploads\/2023\/03\/Wijngstr-777x1024.jpg 777w, https:\/\/1932works.be\/wp-content\/uploads\/2023\/03\/Wijngstr-228x300.jpg 228w, https:\/\/1932works.be\/wp-content\/uploads\/2023\/03\/Wijngstr-768x1012.jpg 768w, https:\/\/1932works.be\/wp-content\/uploads\/2023\/03\/Wijngstr-9x12.jpg 9w, https:\/\/1932works.be\/wp-content\/uploads\/2023\/03\/Wijngstr.jpg 922w\" sizes=\"auto, (max-width: 491px) 100vw, 491px\" \/><\/figure>\n\n\n<div>&nbsp;<\/div>\n<div><span style=\"color: #008000;\"><strong>2021:<\/strong><\/span><\/div>\n<div>Sociale kavels , te koop door de gemeente, 2 loten.<\/div>\n<div>Niet zo sociaal De oppervlaktes van de loten zijn royaal groot voor de buurt: 5,2a en 4,8a !<\/div>\n<div>Voor sommigen was de timing voor kandidatuur voor deze sociale kavels veel te kort.<\/div>\n<div>&nbsp;<\/div>\n<div><a href=\"http:\/\/1932works.be\/wp-content\/uploads\/2021\/05\/verkavelingsplan.png\"><img loading=\"lazy\" decoding=\"async\" class=\"alignnone size-large wp-image-714\" src=\"http:\/\/1932works.be\/wp-content\/uploads\/2021\/05\/verkavelingsplan-1024x964.png\" alt=\"\" width=\"525\" height=\"494\" srcset=\"\" sizes=\"auto, (max-width: 525px) 100vw, 525px\" data-srcset=\"\" \/><\/a><\/div>\n<div>\n<hr><\/div>\n<div class=\"\">De gemeente Zaventem is van plan om de laatste groenzone van de Wijngaardstraat in Sint-Stevens Woluwe te verkavelen.<\/div>\n<div>&nbsp;<\/div>\n<div style=\"padding-left: 30px;\"><a href=\"http:\/\/1932works.be\/wp-content\/uploads\/2020\/12\/carte-Wijngaardstraat.png\"><img loading=\"lazy\" decoding=\"async\" class=\"size-medium wp-image-475 aligncenter\" src=\"http:\/\/1932works.be\/wp-content\/uploads\/2020\/12\/carte-Wijngaardstraat-300x293.png\" alt=\"\" width=\"300\" height=\"293\" srcset=\"\" sizes=\"auto, (max-width: 300px) 100vw, 300px\" data-srcset=\"\" \/><\/a><\/div>\n<div class=\"\"><span class=\"\">De gemeenteraad deelt ons mee dat de grond door het OCMW van Zaventem zal worden opgesplitst in 2 percelen voor wederverkoop van de percelen in \u201csociale kavels\u201d.<\/span><\/div>\n<div class=\"\"><span class=\"\">Het doel is goedkope percelen te verkopen aan mensen uit Zaventem die zich geen perceel aan 500 \u20ac \/ m\u00b2 kunnen veroorloven.<\/span><\/div>\n<div>&nbsp;<\/div>\n<div>De woede is groot bij de inwoners van de Wijngaardstraat, St-Stefaanstraat en Woluweveld: huizen achter in hun tuin zien op een te stijl stuk grond. In de jaren 70 was op deze locatie een speeltuin voorzien. Vanuit Woluweveld leidt daar een klein padje.<\/div>\n<div>&nbsp;<\/div>\n<div>De inwoners werden duidelijk niet ge\u00efnformeerd door de gemeente\u2026. Maar er ging een alarm af toen begin december 2020 landmeters op die locatie werden gespot. Ze kregen duidelijk de opdracht te zwijgen.<\/div>\n<div><a href=\"http:\/\/1932works.be\/wp-content\/uploads\/2020\/12\/Wijngaardstr-photo.jpg\"><img loading=\"lazy\" decoding=\"async\" class=\"size-medium wp-image-474 aligncenter\" src=\"http:\/\/1932works.be\/wp-content\/uploads\/2020\/12\/Wijngaardstr-photo-300x152.jpg\" alt=\"\" width=\"300\" height=\"152\" srcset=\"\" sizes=\"auto, (max-width: 300px) 100vw, 300px\" data-srcset=\"\" \/><\/a><\/div>\n<div>De buurt bracht 1932works op de hoogte die vervolgens een onderzoek aanving.<\/div>\n<div>Een harde kern van 3 buren komt in actie.<\/div>\n<div>Voor hen zou dit ongeluk verklaard kunnen worden door de komende betonstop.<\/div>\n<div>&nbsp;<\/div>\n<div><a href=\"http:\/\/1932works.be\/wp-content\/uploads\/2020\/12\/Wijngstr-vue-air.jpg\"><img loading=\"lazy\" decoding=\"async\" class=\"size-medium wp-image-473 aligncenter\" src=\"http:\/\/1932works.be\/wp-content\/uploads\/2020\/12\/Wijngstr-vue-air-300x274.jpg\" alt=\"\" width=\"300\" height=\"274\" srcset=\"\" sizes=\"auto, (max-width: 300px) 100vw, 300px\" data-srcset=\"\" \/><\/a><\/div>\n<div class=\"\"><span class=\"\">Zoals te zien op deze foto, is dit het enige stukje groen in de buurt.<\/span><\/div>\n<div>\n<hr><\/div><!-- AddThis Advanced Settings generic via filter on the_content -->","protected":false},"excerpt":{"rendered":"<p>2022: &nbsp; La commune de Zaventem vient d&rsquo;attribuer les terrains sociaux suivant ses crit\u00e8res et jury interne. Des voisins ont demand\u00e9 \u00e0 la commune qui a gagn\u00e9 le gros lot. Les autorit\u00e9s refusent de r\u00e9pondre sur base de GDPR, mais nous verrons bien un nom sur une boite \u00e0 lettres d&rsquo;ici 2 ans ! &nbsp; &hellip; <\/p>\n<p class=\"link-more\"><a href=\"https:\/\/1932works.be\/nl\/habitations-sociales\/\" class=\"more-link\">Lees verder <span class=\"screen-reader-text\">\u00ab\u00a0Wijngaardstraat\u00a0\u00bb<\/span><\/a><\/p>\n<p><!-- AddThis Advanced Settings generic via filter on get_the_excerpt --><\/p>","protected":false},"author":1,"featured_media":0,"parent":0,"menu_order":0,"comment_status":"closed","ping_status":"closed","template":"","meta":{"footnotes":""},"class_list":["post-456","page","type-page","status-publish","hentry"],"aioseo_notices":[],"_links":{"self":[{"href":"https:\/\/1932works.be\/nl\/wp-json\/wp\/v2\/pages\/456","targetHints":{"allow":["GET"]}}],"collection":[{"href":"https:\/\/1932works.be\/nl\/wp-json\/wp\/v2\/pages"}],"about":[{"href":"https:\/\/1932works.be\/nl\/wp-json\/wp\/v2\/types\/page"}],"author":[{"embeddable":true,"href":"https:\/\/1932works.be\/nl\/wp-json\/wp\/v2\/users\/1"}],"replies":[{"embeddable":true,"href":"https:\/\/1932works.be\/nl\/wp-json\/wp\/v2\/comments?post=456"}],"version-history":[{"count":22,"href":"https:\/\/1932works.be\/nl\/wp-json\/wp\/v2\/pages\/456\/revisions"}],"predecessor-version":[{"id":893,"href":"https:\/\/1932works.be\/nl\/wp-json\/wp\/v2\/pages\/456\/revisions\/893"}],"wp:attachment":[{"href":"https:\/\/1932works.be\/nl\/wp-json\/wp\/v2\/media?parent=456"}],"curies":[{"name":"wp","href":"https:\/\/api.w.org\/{rel}","templated":true}]}}