{"id":385,"date":"2020-11-03T11:37:14","date_gmt":"2020-11-03T10:37:14","guid":{"rendered":"http:\/\/1932works.be\/?page_id=385"},"modified":"2024-03-13T21:52:18","modified_gmt":"2024-03-13T20:52:18","slug":"22-maisons","status":"publish","type":"page","link":"https:\/\/1932works.be\/nl\/22-maisons\/","title":{"rendered":"Kleinenbergstraat (Acaciawijk) :"},"content":{"rendered":"<p><strong><span style=\"color: #008000;\"><strong>UPDATE MARS 2024:<\/strong><\/span><\/strong><\/p>\n\n\n\n<p>Le permis de b\u00e2tir <strong>est accept\u00e9<\/strong> par la province, malgr\u00e9 nos nombreux recours depuis 2012.<\/p>\n\n\n\n<p>Le lotissement Durabrik de 11 maisons verra le jour&#8230;<\/p>\n\n\n\n<p>Avec notre appel \u00e0 la province, le projet allait \u00eatre refus\u00e9&#8230; or la commune a fait passer le projet par un tour de passe-passe en douce. Comment ?<\/p>\n\n\n\n<p>La province a impos\u00e9 \u00e0 Zaventem \u00e0 ce que soit vot\u00e9 au conseil communal le d\u00e9placement de la limite communale de la rue. Puisqu&rsquo;il faut des foss\u00e9s pour prot\u00e9ger les maisons, la commune doit prendre le terrain avec foss\u00e9s entre la rue et les maisons \u00e0 construire. La fronti\u00e8re actuelle du trottoir devait \u00eatre \u00e9largie. Si le conseil communal devait voter, nos chers conseillers communaux se seraient fait une joie de voter <strong><em>\u00ab\u00a0non\u00a0\u00bb<\/em><\/strong>. Ainsi le projet aurait \u00e9t\u00e9 d\u00e9finitivement enterr\u00e9, sans que le coll\u00e8ge des \u00e9chevins puisse sauver le projet.<\/p>\n\n\n\n<p>Or Zaventem a demand\u00e9 \u00e0 la province \u00e0 ce que les nouveaux foss\u00e9s \u00e0 pr\u00e9voir soient propri\u00e9t\u00e9 des nouveaux propri\u00e9taires des maisons Durabrik. Ainsi pas de vote. Projet accept\u00e9. Durabrik tr\u00e8s heureux du tour de passe-passe. <\/p>\n\n\n\n<figure class=\"wp-block-image\"><img loading=\"lazy\" decoding=\"async\" width=\"1024\" height=\"536\" src=\"http:\/\/1932works.be\/wp-content\/uploads\/2023\/11\/plan-grachten-1024x536.png\" alt=\"\" class=\"wp-image-1218\" srcset=\"\" sizes=\"auto, (max-width: 767px) 89vw, (max-width: 1000px) 54vw, (max-width: 1071px) 543px, 580px\" data-srcset=\"\" \/><\/figure>\n\n\n\n<p>Ci-dessus en hachur\u00e9 rouge: la zone que la commune aurait du reprendre du promoteur, \u00e0 fin de pouvoir assurer la maintenance des foss\u00e9s.<\/p>\n\n\n\n<p>Le projet Durabrik est une catastrophe pour 4 raisons: <\/p>\n\n\n\n<p>1) les nouveaux habitants ne vont pas d\u00e9boucher leur foss\u00e9 avec pelle et brouette lors des arriv\u00e9es de boues de champs sup\u00e9rieurs. Des probl\u00e8mes boueux sont donc \u00e0 pr\u00e9voir.<\/p>\n\n\n\n<p>2) Les maisons sont tr\u00e8s rapproch\u00e9es \u00e0 la limite l\u00e9gale minimale. Aucune place de parking \u00e0 la rue n&rsquo;est pr\u00e9vue. Le parking se fera en enfilade le long des fa\u00e7ades lat\u00e9rales. Ainsi la vue sur la vall\u00e9e de la Woluwe est perdue par un bloc continu et serr\u00e9 de voitures et de maisons.<\/p>\n\n\n\n<p>3) Puisqu&rsquo;aucune place de parking \u00e0 rue n&rsquo;est pr\u00e9vue, les invit\u00e9s, amis ou autres devront se garer ailleurs sur les derni\u00e8res places existantes. La cohabitation sera compliqu\u00e9e.<\/p>\n\n\n\n<p>4) La zone est class\u00e9e paysag\u00e8re prot\u00e9g\u00e9e pour son panorama exceptionnel , mais constructible. Aucun effort n&rsquo;a \u00e9t\u00e9 fait pour des habitations plus espac\u00e9es. Les propri\u00e9taires de l&rsquo;\u00e9cole Montessori ne sont pas heureux du tout !   (ferme class\u00e9e datant du 14i\u00e8me si\u00e8cle)<\/p>\n\n\n\n<p><span style=\"color: #008000;\"><strong>UPDATE NOVEMBER 2023:<\/strong><\/span><\/p>\n\n\n\n<p>Durabrik ne lache pas le projet et relance une enqu\u00eate publique avec une solution de tranch\u00e9es pour r\u00e9cup\u00e9rer les eaux de pluies et boues venant des champs en amont. Des tranch\u00e9es sont pr\u00e9vues devant les maisons.<\/p>\n\n\n\n<p><\/p>\n\n\n<style>.kb-image385_3bb078-ae .kb-image-has-overlay:after{opacity:0.3;}<\/style>\n<figure class=\"wp-block-kadence-image kb-image385_3bb078-ae size-large\"><img loading=\"lazy\" decoding=\"async\" width=\"1024\" height=\"703\" src=\"http:\/\/1932works.be\/wp-content\/uploads\/2023\/11\/plan-grachten2-FR-1024x703.png\" alt=\"\" class=\"kb-img wp-image-1219\" srcset=\"\" sizes=\"auto, (max-width: 767px) 89vw, (max-width: 1000px) 54vw, (max-width: 1071px) 543px, 580px\" data-srcset=\"\" \/><\/figure>\n\n\n\n<p><\/p>\n\n\n<p><!-- \/wp:post-content --><\/p>\n<p><!-- wp:paragraph --><\/p>\n<p><span style=\"color: #008000;\"><strong>UPDATE oktober 2023:<\/strong><\/span><\/p>\n<p><!-- \/wp:paragraph --><\/p>\n<p><!-- wp:paragraph --><\/p>\n<p>D\u00e9cision de la province: le projet est refus\u00e9 !\u00a0 Pour cause de solutions non valables pour luter contre les inondations. La commune <span style=\"color: #008000;\">stelt voor<\/span> : voor 6 van de 11 huizen een gracht te voorzien om water op te vangen van de 6,5 ha velden stroomopwaarts. De provincie eist van de ontwikkelaar dat hij het gebied tussen de straat en de gevels overbrengt aan de gemeente. De gemeenteraad moet binnen 60 dagen stemmen voor akkoord. Weigeren = vermoedelijk geen verkaveling.<\/p>\n<p><!-- \/wp:paragraph --><\/p>\n<p><!-- wp:kadence\/image {\"id\":1218,\"sizeSlug\":\"large\",\"linkDestination\":\"none\",\"uniqueID\":\"385_28e353-ce\"} --><\/p>\n<figure class=\"wp-block-kadence-image kb-image385_28e353-ce size-large\"><img loading=\"lazy\" decoding=\"async\" width=\"1024\" height=\"536\" class=\"kb-img wp-image-1218\" src=\"http:\/\/1932works.be\/wp-content\/uploads\/2023\/11\/plan-grachten-1024x536.png\" alt=\"\" srcset=\"\" sizes=\"auto, (max-width: 767px) 89vw, (max-width: 1000px) 54vw, (max-width: 1071px) 543px, 580px\" data-srcset=\"\" \/><\/figure>\n<p><!-- \/wp:kadence\/image --><\/p>\n<p><!-- wp:paragraph --><\/p>\n<p><span style=\"color: #008000;\"><strong>UPDATE april 2023:<\/strong><\/span><\/p>\n<p><!-- \/wp:paragraph --><\/p>\n<p><!-- wp:paragraph --><\/p>\n<p>Un habitant (Reinout) a introduit un recours collectif avec des voisins \u00e0 la province contre le lotissement dans les champs du Acaciawijk.<\/p>\n<p><!-- \/wp:paragraph --><\/p>\n<p><!-- wp:list --><\/p>\n<ul>\n<li style=\"list-style-type: none;\">\n<ul><!-- wp:list-item --><\/ul>\n<\/li>\n<\/ul>\n<p>\u00a0<\/p>\n<ul>\n<li style=\"list-style-type: none;\">\n<ul>\n<li>Het gebied is gedeeltelijk overstroombaar verklaard. De projectontwikkelaar voorziet enkel een korte termijn oplossing.<\/li>\n<\/ul>\n<\/li>\n<\/ul>\n<p><!-- \/wp:list-item --><\/p>\n<p><!-- wp:list-item --><\/p>\n<ul>\n<li style=\"list-style-type: none;\">\n<ul>\n<li>de dienst stedenbouw van Zaventem heeft er geen rekening mee gehouden dat het gebied is geclassificeerd als '<strong>Landschap Beschermde Zone<\/strong>'. De opmerking van de bewoners tijdens het openbaar onderzoek komt niet voor in het rapport over de verlening van de omgevingsvergunning.<\/li>\n<\/ul>\n<\/li>\n<\/ul>\n<p><!-- \/wp:list-item --><\/p>\n<p><!-- \/wp:list --><\/p>\n<p><!-- wp:paragraph --><\/p>\n<p>Les habitants seront entendus par la province.<\/p>\n<p><!-- \/wp:paragraph --><\/p>\n<p><!-- wp:image {\"id\":1013,\"linkDestination\":\"custom\"} --><\/p>\n<figure class=\"wp-block-image\"><a href=\"http:\/\/1932works.be\/wp-content\/uploads\/2023\/05\/Kleinenberg-moutons.jpg\"><img loading=\"lazy\" decoding=\"async\" width=\"618\" height=\"412\" class=\"wp-image-1013\" src=\"http:\/\/1932works.be\/wp-content\/uploads\/2023\/05\/Kleinenberg-moutons.jpg\" alt=\"\" srcset=\"https:\/\/1932works.be\/wp-content\/uploads\/2023\/05\/Kleinenberg-moutons.jpg 618w, https:\/\/1932works.be\/wp-content\/uploads\/2023\/05\/Kleinenberg-moutons-300x200.jpg 300w, https:\/\/1932works.be\/wp-content\/uploads\/2023\/05\/Kleinenberg-moutons-18x12.jpg 18w\" sizes=\"auto, (max-width: 618px) 100vw, 618px\" \/><\/a><\/figure>\n<p><!-- \/wp:image --><\/p>\n<p><!-- wp:paragraph --><\/p>\n<p><span style=\"color: #008000;\"><strong>UPDATE maart 2023:<\/strong><\/span><\/p>\n<p><!-- \/wp:paragraph --><\/p>\n<p><!-- wp:paragraph --><\/p>\n<p>Durabrik heeft in december 2022 opnieuw een bouwvergunning aangevraagd voor een kleinschaliger project. De gemeente heeft het project voor een woonwijk van 11 woningen goedgekeurd.<\/p>\n<p><!-- \/wp:paragraph --><\/p>\n<p><!-- wp:paragraph --><\/p>\n<p>Durabrik heeft sinds 2012 al 5 pogingen ondernomen, zonder succes, behalve deze keer.<\/p>\n<p><!-- \/wp:paragraph --><\/p>\n<p><!-- wp:paragraph --><\/p>\n<p>De bezwaren van de inwoners van december 2022 zijn te raadplegen op pagina 6\/21 van het document:<\/p>\n<p><!-- \/wp:paragraph --><\/p>\n<p><!-- wp:paragraph --><\/p>\n<p><a href=\"http:\/\/1932works.be\/wp-content\/uploads\/2023\/04\/2023-bea_vergunning_20230302_092308_0.pdf\">Vergunning_20230302_092308_0 en antwoord op bezwaarschriften.pdf<\/a><\/p>\n<p><!-- \/wp:paragraph --><\/p>\n<p><!-- wp:paragraph --><\/p>\n<p>Bewoners kunnen tot 14\/4\/23 beroep aantekenen.<\/p>\n<p><!-- \/wp:paragraph --><\/p>\n<p><!-- wp:image {\"id\":907,\"linkDestination\":\"custom\"} --><\/p>\n<figure class=\"wp-block-image\"><a href=\"http:\/\/1932works.be\/wp-content\/uploads\/2023\/04\/2023-luchtfoto-project.jpg\"><img loading=\"lazy\" decoding=\"async\" width=\"1024\" height=\"609\" class=\"wp-image-907\" src=\"http:\/\/1932works.be\/wp-content\/uploads\/2023\/04\/2023-luchtfoto-project.jpg\" alt=\"\" srcset=\"https:\/\/1932works.be\/wp-content\/uploads\/2023\/04\/2023-luchtfoto-project.jpg 1075w, https:\/\/1932works.be\/wp-content\/uploads\/2023\/04\/2023-luchtfoto-project-300x178.jpg 300w, https:\/\/1932works.be\/wp-content\/uploads\/2023\/04\/2023-luchtfoto-project-1024x609.jpg 1024w, https:\/\/1932works.be\/wp-content\/uploads\/2023\/04\/2023-luchtfoto-project-768x457.jpg 768w, https:\/\/1932works.be\/wp-content\/uploads\/2023\/04\/2023-luchtfoto-project-16x10.jpg 16w\" sizes=\"auto, (max-width: 767px) 89vw, (max-width: 1000px) 54vw, (max-width: 1071px) 543px, 580px\" \/><\/a><\/figure>\n<p><!-- \/wp:image --><\/p>\n<p><!-- wp:paragraph --><\/p>\n<p>Informatie over het beschermde landschapsgebied: <a href=\"https:\/\/inventaris.onroerenderfgoed.be\/aanduidingsobjecten\/1548\">https:\/\/inventaris.onroerenderfgoed.be\/aanduidingsobjecten\/1548<\/a><\/p>\n<p><!-- \/wp:paragraph --><\/p>\n<p><!-- wp:image --><\/p>\n<figure class=\"wp-block-image\"><img decoding=\"async\" src=\"http:\/\/1932works.be\/wp-content\/uploads\/2023\/04\/2023_F_B_Foto-7.jpg\" alt=\"\" \/><\/figure>\n<p><!-- \/wp:image --><\/p>\n<p><!-- wp:paragraph --><\/p>\n<p><em>Boven: deze weide zal binnenkort verdwijnen...<\/em><\/p>\n<p><!-- \/wp:paragraph --><\/p>\n<p><!-- wp:paragraph --><\/p>\n<p>Het project heeft nog een andere tekortkoming: het project is voorzien in een overstromingsgebied door hoger gelegen velden. De ontwikkelaar en de gemeente plannen een sloot die 18m\u00b2 kan behouden, of minder wanneer deze zich met de jaren vult met slib.<\/p>\n<p><!-- \/wp:paragraph --><\/p>\n<p><!-- wp:paragraph --><\/p>\n<p>Het is ondenkbaar om een woningbouwproject toe te staan wetende dat de bewoners hoogstwaarschijnlijk zullen lijden onder overstromingen.<\/p>\n<p><!-- \/wp:paragraph --><\/p>\n<p><!-- wp:paragraph --><\/p>\n<p>Wij zijn ervan overtuigd dat de gemeente bovenliggend landbouwgrond zal kopen om een dam te bouwen voor het vasthouden van slib. Elders in de gemeente zijn projecten gepland. De kosten zullen worden gedragen door de gemeenschap en niet door de ontwikkelaar.<\/p>\n<p><!-- \/wp:paragraph --><\/p>\n<p><!-- wp:paragraph --><\/p>\n<p>Het probleem van de overstromingsgebieden wordt aangekondigd via de volgende link:<\/p>\n<p><!-- \/wp:paragraph --><\/p>\n<p><!-- wp:paragraph --><\/p>\n<p><a href=\"http:\/\/1932works.be\/wp-content\/uploads\/2023\/04\/2023-Toelichtingsnota-opvang-opwaarts-hemelwater.pdf\">Toelichtingsnota-opvang-opwaarts-hemelwater.pdf<\/a><\/p>\n<p><!-- \/wp:paragraph --><\/p>\n<p><!-- wp:paragraph --><\/p>\n<p>Het gedetailleerd plan van de verkaveling is: <a href=\"http:\/\/1932works.be\/wp-content\/uploads\/2023\/04\/2023-Kleinenbergstraat_VP_N_Verkavelingsplan2.pdf\">Kleinenbergstraat_VP_N_Verkavelingsplan2.pdf<\/a><\/p>\n<p><!-- \/wp:paragraph --><\/p>\n<p><!-- wp:paragraph --><\/p>\n<p>Ook Sterrebeek 2000 vindt het eigenaardig dat de verkaveling gedeeltelijk in landschappelijk beschermde zone valt en hiervoor een vergunning krijgt.  Een uitspraak van de Provincie kan hier best klaarheid brengen<\/p>\n<p><!-- \/wp:paragraph --><\/p>\n<p><!-- wp:paragraph --><\/p>\n<p>Ter herinnering: 1932works kan geen beroep ingeven omdat niemand van 1932works rechtstreeks in de Kleinenberstraat woont of directe omgeving.<\/p>\n<p><!-- \/wp:paragraph --><\/p>\n<p><!-- wp:paragraph --><\/p>\n<p><strong><span style=\"color: #008000;\">Oktober 2020:<\/span><\/strong><\/p>\n<p><!-- \/wp:paragraph --><\/p>\n<p><!-- wp:paragraph --><\/p>\n<p>Aan de Kleinenbergstraat is  een verkavelingsproject met 22 woningen geweigerd.<\/p>\n<p><!-- \/wp:paragraph --><\/p>\n<p><!-- wp:paragraph --><\/p>\n<p>De oppositie was sterk met een petitie van 80 handtekeningen.<\/p>\n<p><!-- \/wp:paragraph --><\/p>\n<p><!-- wp:paragraph --><\/p>\n<p>De dienst voor ruimtelijke ordening werd eraan herinnerd dat het project zich sinds 1980 in een landschap beschermde zone bevindt!<\/p>\n<p><!-- \/wp:paragraph --><\/p>\n<p><!-- wp:image {\"id\":380,\"linkDestination\":\"custom\"} --><\/p>\n<figure class=\"wp-block-image\"><a href=\"http:\/\/1932works.be\/wp-content\/uploads\/2021\/01\/Plan-zone-paysag\u00e8re-prot\u00e9g\u00e9e-nl.jpg\"><img loading=\"lazy\" decoding=\"async\" width=\"2504\" height=\"1779\" class=\"wp-image-380\" src=\"http:\/\/1932works.be\/wp-content\/uploads\/2021\/01\/Plan-zone-paysag\u00e8re-prot\u00e9g\u00e9e-nl.jpg\" alt=\"\" srcset=\"https:\/\/1932works.be\/wp-content\/uploads\/2021\/01\/Plan-zone-paysag\u00e8re-prot\u00e9g\u00e9e-nl.jpg 2504w, https:\/\/1932works.be\/wp-content\/uploads\/2021\/01\/Plan-zone-paysag\u00e8re-prot\u00e9g\u00e9e-nl-300x213.jpg 300w, https:\/\/1932works.be\/wp-content\/uploads\/2021\/01\/Plan-zone-paysag\u00e8re-prot\u00e9g\u00e9e-nl-768x546.jpg 768w, https:\/\/1932works.be\/wp-content\/uploads\/2021\/01\/Plan-zone-paysag\u00e8re-prot\u00e9g\u00e9e-nl-1024x728.jpg 1024w, https:\/\/1932works.be\/wp-content\/uploads\/2021\/01\/Plan-zone-paysag\u00e8re-prot\u00e9g\u00e9e-nl-16x12.jpg 16w\" sizes=\"auto, (max-width: 767px) 89vw, (max-width: 1000px) 54vw, (max-width: 1071px) 543px, 580px\" \/><\/a><\/figure>\n<p><!-- \/wp:image --><\/p>\n<p><!-- wp:paragraph --><\/p>\n<p>Niets is gewonnen, Durabrik zal een minder compact project voorstellen.<\/p>\n<p><!-- \/wp:paragraph --><\/p>\n<p><!-- wp:paragraph --><\/p>\n<p>Het project is goud waard: zicht over velden en de Woluwevallei.<\/p>\n<p><!-- \/wp:paragraph --><\/p>\n<p><!-- wp:image {\"id\":399,\"linkDestination\":\"custom\"} --><\/p>\n<figure class=\"wp-block-image\"><a href=\"http:\/\/1932works.be\/wp-content\/uploads\/2020\/11\/Kleinenbergstraat.jpg\"><img loading=\"lazy\" decoding=\"async\" width=\"1024\" height=\"419\" class=\"wp-image-399\" src=\"http:\/\/1932works.be\/wp-content\/uploads\/2020\/11\/Kleinenbergstraat-1024x419.jpg\" alt=\"\" srcset=\"\" sizes=\"auto, (max-width: 767px) 89vw, (max-width: 1000px) 54vw, (max-width: 1071px) 543px, 580px\" data-srcset=\"\" \/><\/a><\/figure>\n<p><!-- \/wp:image --><\/p>\n<p><!-- wp:paragraph --><\/p>\n<p>Voor ons opnieuw een \u200b\u200blangzame verstedelijking.<\/p>\n<p><!-- \/wp:paragraph --><\/p>\n<p><!-- wp:image {\"id\":521,\"linkDestination\":\"custom\"} --><\/p>\n<figure class=\"wp-block-image\"><a href=\"http:\/\/1932works.be\/wp-content\/uploads\/2021\/01\/Acaciawijk-verkaveling.jpg\"><img loading=\"lazy\" decoding=\"async\" width=\"488\" height=\"892\" class=\"wp-image-521\" src=\"http:\/\/1932works.be\/wp-content\/uploads\/2021\/01\/Acaciawijk-verkaveling.jpg\" alt=\"\" srcset=\"https:\/\/1932works.be\/wp-content\/uploads\/2021\/01\/Acaciawijk-verkaveling.jpg 488w, https:\/\/1932works.be\/wp-content\/uploads\/2021\/01\/Acaciawijk-verkaveling-164x300.jpg 164w, https:\/\/1932works.be\/wp-content\/uploads\/2021\/01\/Acaciawijk-verkaveling-7x12.jpg 7w\" sizes=\"auto, (max-width: 488px) 100vw, 488px\" \/><\/a><\/figure>\n<p><!-- \/wp:image --><\/p><!-- AddThis Advanced Settings generic via filter on the_content -->","protected":false},"excerpt":{"rendered":"<p>UPDATE MARS 2024: Le permis de b\u00e2tir est accept\u00e9 par la province, malgr\u00e9 nos nombreux recours depuis 2012. Le lotissement Durabrik de 11 maisons verra le jour&#8230; Avec notre appel \u00e0 la province, le projet allait \u00eatre refus\u00e9&#8230; or la commune a fait passer le projet par un tour de passe-passe en douce. Comment ? &hellip; <\/p>\n<p class=\"link-more\"><a href=\"https:\/\/1932works.be\/nl\/22-maisons\/\" class=\"more-link\">Lees verder <span class=\"screen-reader-text\">\u00ab\u00a0Kleinenbergstraat (Acaciawijk) :\u00a0\u00bb<\/span><\/a><\/p>\n<p><!-- AddThis Advanced Settings generic via filter on get_the_excerpt --><\/p>","protected":false},"author":1,"featured_media":0,"parent":0,"menu_order":0,"comment_status":"closed","ping_status":"closed","template":"","meta":{"footnotes":""},"class_list":["post-385","page","type-page","status-publish","hentry"],"aioseo_notices":[],"_links":{"self":[{"href":"https:\/\/1932works.be\/nl\/wp-json\/wp\/v2\/pages\/385","targetHints":{"allow":["GET"]}}],"collection":[{"href":"https:\/\/1932works.be\/nl\/wp-json\/wp\/v2\/pages"}],"about":[{"href":"https:\/\/1932works.be\/nl\/wp-json\/wp\/v2\/types\/page"}],"author":[{"embeddable":true,"href":"https:\/\/1932works.be\/nl\/wp-json\/wp\/v2\/users\/1"}],"replies":[{"embeddable":true,"href":"https:\/\/1932works.be\/nl\/wp-json\/wp\/v2\/comments?post=385"}],"version-history":[{"count":27,"href":"https:\/\/1932works.be\/nl\/wp-json\/wp\/v2\/pages\/385\/revisions"}],"predecessor-version":[{"id":1325,"href":"https:\/\/1932works.be\/nl\/wp-json\/wp\/v2\/pages\/385\/revisions\/1325"}],"wp:attachment":[{"href":"https:\/\/1932works.be\/nl\/wp-json\/wp\/v2\/media?parent=385"}],"curies":[{"name":"wp","href":"https:\/\/api.w.org\/{rel}","templated":true}]}}