{"id":377,"date":"2020-11-03T11:28:36","date_gmt":"2020-11-03T10:28:36","guid":{"rendered":"http:\/\/1932works.be\/?page_id=377"},"modified":"2021-02-21T19:27:34","modified_gmt":"2021-02-21T18:27:34","slug":"22-appartements","status":"publish","type":"page","link":"https:\/\/1932works.be\/nl\/22-appartements\/","title":{"rendered":"Sint-Stefaanstraat"},"content":{"rendered":"<p>Een oude boerderij in het centrum van Sint-Stevens Woluwe zal plaats maken voor 3 appartementsgebouwen, vlakbij de begraafplaats. (Sint-Stefaanstraat)<\/p>\n<p>Er is een vergunningsaanvraag voor appartementblokken  in de oude tuin van de boerderij.<\/p>\n<p><a href=\"http:\/\/1932works.be\/wp-content\/uploads\/2020\/11\/terrain-23-apparts.jpg\"><img loading=\"lazy\" decoding=\"async\" class=\"alignnone size-large wp-image-415\" src=\"http:\/\/1932works.be\/wp-content\/uploads\/2020\/11\/terrain-23-apparts-971x1024.jpg\" alt=\"\" width=\"525\" height=\"554\" srcset=\"\" sizes=\"auto, (max-width: 525px) 100vw, 525px\" data-srcset=\"\" \/><\/a><\/p>\n<p>De promotor voorziet 35 ondergrondse garages. De buren vrezen voor de stabiliteit van hun huis.<\/p>\n<p>Het project is te groot ... de bouwpromotoren hebben zoveel te winnen:<\/p>\n<p>23 appartementen aan 350k \u20ac per appartement en garages = 8 miljoen \u20ac!<\/p>\n<p><a href=\"http:\/\/1932works.be\/wp-content\/uploads\/2020\/11\/22-apparts-article.png\"><img loading=\"lazy\" decoding=\"async\" class=\"alignnone size-full wp-image-379\" src=\"http:\/\/1932works.be\/wp-content\/uploads\/2020\/11\/22-apparts-article.png\" alt=\"\" width=\"1280\" height=\"720\" srcset=\"https:\/\/1932works.be\/wp-content\/uploads\/2020\/11\/22-apparts-article.png 1280w, https:\/\/1932works.be\/wp-content\/uploads\/2020\/11\/22-apparts-article-300x169.png 300w, https:\/\/1932works.be\/wp-content\/uploads\/2020\/11\/22-apparts-article-768x432.png 768w, https:\/\/1932works.be\/wp-content\/uploads\/2020\/11\/22-apparts-article-1024x576.png 1024w\" sizes=\"auto, (max-width: 767px) 89vw, (max-width: 1000px) 54vw, (max-width: 1071px) 543px, 580px\" \/><\/a><\/p>\n<p>De straten van St-Stevens Woluwe, ooit een landelijk dorp, zijn aangevuld met steeds meer compactere woningen. Zonder aangepaste wegeninfrastructuur is het niet aanvaardbaar nieuwe woningen toe te voegen.<\/p>\n<p>Link:<\/p>\n<p><a href=\"http:\/\/1932works.be\/wp-content\/uploads\/2020\/11\/Bezwaarschrift_Zaventem-Seppe-De-Raedt.pdf\">Bezwaarschrift voor het openbaar onderzoek van de buren<\/a><\/p>\n<p><span style=\"color: #339966;\"><strong>FEBRUARI 2021:<\/strong><\/span><\/p>\n<p>De gemeente heeft de aanvraag voor een bouwvergunning afgewezen!<\/p>\n<p><span class=\"d2edcug0 hpfvmrgz qv66sw1b c1et5uql rrkovp55 a8c37x1j keod5gw0 nxhoafnm aigsh9s9 d3f4x2em fe6kdd0r mau55g9w c8b282yb iv3no6db jq4qci2q a3bd9o3v knj5qynh oo9gr5id hzawbc8m\" dir=\"auto\">De druk van de inwoners was hoog: petitie, dossier tegen het openbaar onderzoek en straataffiche \"Geen beton meer - 1932works.be\". Een ander vastgoedproject zou het daglicht moeten zien met minder appartementen voor een betere levenskwaliteit van de buurtbewoners. \nProficiat aan het hele St-Stefaanstraat-team dat zeer professioneel werk heeft geleverd!<\/span><\/p>\n<p>&nbsp;<\/p>\n<!-- AddThis Advanced Settings generic via filter on the_content -->","protected":false},"excerpt":{"rendered":"<p>Une ancienne fermette au centre de Woluw\u00e9 St-Etienne fera place \u00e0\u00a0 3 immeubles \u00e0 appartements, \u00e0 proximit\u00e9 du cimeti\u00e8re. (Sint-Stefaanstraat) Pour ce faire des petits blocs d&rsquo;immeubles sont pr\u00e9vus dans l&rsquo;ancien jardin de la fermette. Le promoteur pr\u00e9voit 35 garages en sous-sol. Les habitants ont peur pour la stabilit\u00e9 de leur maison. Le projet est &hellip; <\/p>\n<p class=\"link-more\"><a href=\"https:\/\/1932works.be\/nl\/22-appartements\/\" class=\"more-link\">Lees verder <span class=\"screen-reader-text\">\u00ab\u00a0St-Stefaanstraat\u00a0\u00bb<\/span><\/a><\/p>\n<p><!-- AddThis Advanced Settings generic via filter on get_the_excerpt --><\/p>","protected":false},"author":1,"featured_media":0,"parent":0,"menu_order":0,"comment_status":"closed","ping_status":"closed","template":"","meta":{"footnotes":""},"class_list":["post-377","page","type-page","status-publish","hentry"],"aioseo_notices":[],"_links":{"self":[{"href":"https:\/\/1932works.be\/nl\/wp-json\/wp\/v2\/pages\/377","targetHints":{"allow":["GET"]}}],"collection":[{"href":"https:\/\/1932works.be\/nl\/wp-json\/wp\/v2\/pages"}],"about":[{"href":"https:\/\/1932works.be\/nl\/wp-json\/wp\/v2\/types\/page"}],"author":[{"embeddable":true,"href":"https:\/\/1932works.be\/nl\/wp-json\/wp\/v2\/users\/1"}],"replies":[{"embeddable":true,"href":"https:\/\/1932works.be\/nl\/wp-json\/wp\/v2\/comments?post=377"}],"version-history":[{"count":12,"href":"https:\/\/1932works.be\/nl\/wp-json\/wp\/v2\/pages\/377\/revisions"}],"predecessor-version":[{"id":648,"href":"https:\/\/1932works.be\/nl\/wp-json\/wp\/v2\/pages\/377\/revisions\/648"}],"wp:attachment":[{"href":"https:\/\/1932works.be\/nl\/wp-json\/wp\/v2\/media?parent=377"}],"curies":[{"name":"wp","href":"https:\/\/api.w.org\/{rel}","templated":true}]}}