{"id":31,"date":"2018-06-09T16:23:05","date_gmt":"2018-06-09T14:23:05","guid":{"rendered":"http:\/\/1932works.be\/?page_id=31"},"modified":"2021-01-18T14:54:54","modified_gmt":"2021-01-18T13:54:54","slug":"contact","status":"publish","type":"page","link":"https:\/\/1932works.be\/nl\/contact\/","title":{"rendered":"Contact"},"content":{"rendered":"<p>1932works is een politiek onafhankelijke drukkingsgroep voor alle inwoners van Sint-Stevens Woluwe, die zich inzet voor een mooie en aangename leefomgeving, ruimtelijke ordening, milieu en samenleving.<\/p>\n<p>De werking van 1932works steunt op de inzet van vrijwilligers, jong of oud, man of vrouw, Belg of niet, geboren en getogen in SSW of ingeweken.<\/p>\n<p lang=\"fr-BE\"><span lang=\"fr-BE\">Wil je deel uitmaken van onze kern om ons te helpen de eisen van onze buurtbewoners te respecteren voordat het te laat is?<\/span><\/p>\n<p><span lang=\"fr-BE\">Wil je enkel per e-mail op de hoogte blijven?<\/span><\/p>\n<p><span lang=\"fr-BE\">Verzend een email naar<\/span><span style=\"color: #008000;\"><strong><span lang=\"fr-BE\"> info@1932works.be<\/span><\/strong><\/span><span lang=\"fr-BE\"> met uw e-mailadres en de naam van uw straat.<\/span><\/p>\n<p><span lang=\"fr-BE\">We informeren al veel mensen in onze buurt. Blijf ook op de hoogte.<\/span><\/p>\n<p>&nbsp;<\/p>\n<p><span style=\"font-family: Arial, serif;\"><span style=\"font-size: small;\"><span lang=\"fr-BE\">Algemeen Reglement voor de bescherming van persoonsgegevens:\u00a0<\/span><\/span><\/span><\/p>\n<p><span style=\"font-family: Arial, serif;\"><span style=\"font-size: small;\"><span lang=\"fr-BE\">Om u uit te schrijven, hetzelfde adres info@1932works.be.<\/span><\/span><\/span><\/p>\n<p><span style=\"font-family: Arial, serif;\"><span style=\"font-size: small;\"><span lang=\"fr-BE\">Uw e-mailadressen zullen in bcc in onze communicatie staan \u200b\u200ben niet zonder uw toestemming worden verzonden naar andere personen dan het buurtcomit\u00e9 wiens naam in zichtbare tekst in de ontvangers verschijnt.<\/span><\/span><\/span><\/p>\n<p><span style=\"font-family: Arial, serif;\"><span style=\"font-size: small;\"><span lang=\"fr-BE\">Onze e-mailcommunicatie zal beperkt blijven tot zaken die een mogelijke impact hebben op het leven van onze buurt en haar inwoners.<\/span><\/span><\/span><\/p>\n<p>&nbsp;<\/p>\n<!-- AddThis Advanced Settings generic via filter on the_content -->","protected":false},"excerpt":{"rendered":"<p>1932works est un groupe de pression politiquement ind\u00e9pendant pour tous les r\u00e9sidents de Sint-Stevens Woluwe qui s&rsquo;int\u00e9ressent \u00e0 un beau et agr\u00e9able cadre de vie. Le fonctionnement de 1932works repose sur l&rsquo;engagement individuel de b\u00e9n\u00e9voles, jeunes ou vieux, hommes ou femmes, belges ou non,\u00a0 ou immigr\u00e9s: peu importe, tant que les efforts sont faits avec &hellip; <\/p>\n<p class=\"link-more\"><a href=\"https:\/\/1932works.be\/nl\/contact\/\" class=\"more-link\">Lees verder <span class=\"screen-reader-text\">\u00ab\u00a0Contact\u00a0\u00bb<\/span><\/a><\/p>\n<p><!-- AddThis Advanced Settings generic via filter on get_the_excerpt --><\/p>","protected":false},"author":1,"featured_media":0,"parent":0,"menu_order":0,"comment_status":"closed","ping_status":"closed","template":"","meta":{"footnotes":""},"class_list":["post-31","page","type-page","status-publish","hentry"],"aioseo_notices":[],"_links":{"self":[{"href":"https:\/\/1932works.be\/nl\/wp-json\/wp\/v2\/pages\/31","targetHints":{"allow":["GET"]}}],"collection":[{"href":"https:\/\/1932works.be\/nl\/wp-json\/wp\/v2\/pages"}],"about":[{"href":"https:\/\/1932works.be\/nl\/wp-json\/wp\/v2\/types\/page"}],"author":[{"embeddable":true,"href":"https:\/\/1932works.be\/nl\/wp-json\/wp\/v2\/users\/1"}],"replies":[{"embeddable":true,"href":"https:\/\/1932works.be\/nl\/wp-json\/wp\/v2\/comments?post=31"}],"version-history":[{"count":12,"href":"https:\/\/1932works.be\/nl\/wp-json\/wp\/v2\/pages\/31\/revisions"}],"predecessor-version":[{"id":561,"href":"https:\/\/1932works.be\/nl\/wp-json\/wp\/v2\/pages\/31\/revisions\/561"}],"wp:attachment":[{"href":"https:\/\/1932works.be\/nl\/wp-json\/wp\/v2\/media?parent=31"}],"curies":[{"name":"wp","href":"https:\/\/api.w.org\/{rel}","templated":true}]}}