{"id":1435,"date":"2025-01-12T17:23:21","date_gmt":"2025-01-12T16:23:21","guid":{"rendered":"https:\/\/1932works.be\/?page_id=1435"},"modified":"2025-01-12T17:23:21","modified_gmt":"2025-01-12T16:23:21","slug":"un-nouveau-petit-parc-a-woluwe-saint-etienne","status":"publish","type":"page","link":"https:\/\/1932works.be\/nl\/un-nouveau-petit-parc-a-woluwe-saint-etienne\/","title":{"rendered":"Een nieuw parkje te Sint-Stevens Woluwe ?"},"content":{"rendered":"<p>Een belangrijke verandering aan de Lenneke Marelaan: Een nieuw park in de maak!<\/p>\n\n\n<style>.kb-image1435_157a1f-e6 .kb-image-has-overlay:after{opacity:0.3;}<\/style>\n<figure class=\"wp-block-kadence-image kb-image1435_157a1f-e6 size-large\"><img loading=\"lazy\" decoding=\"async\" width=\"1024\" height=\"377\" src=\"http:\/\/1932works.be\/wp-content\/uploads\/2025\/01\/recy-park-1024x377.jpg\" alt=\"\" class=\"kb-img wp-image-1442\" srcset=\"https:\/\/1932works.be\/wp-content\/uploads\/2025\/01\/recy-park-1024x377.jpg 1024w, https:\/\/1932works.be\/wp-content\/uploads\/2025\/01\/recy-park-300x110.jpg 300w, https:\/\/1932works.be\/wp-content\/uploads\/2025\/01\/recy-park-768x283.jpg 768w, https:\/\/1932works.be\/wp-content\/uploads\/2025\/01\/recy-park-18x7.jpg 18w, https:\/\/1932works.be\/wp-content\/uploads\/2025\/01\/recy-park.jpg 1225w\" sizes=\"auto, (max-width: 767px) 89vw, (max-width: 1000px) 54vw, (max-width: 1071px) 543px, 580px\" \/><\/figure>\n\n\n\n<p>Een nieuw ruimtelijk uitvoeringsplan (RUP) heeft als doel de bestemming van de zone rond het recyclagepark Vanpachtenbeke te herzien om de voortzetting van de sorteertaken in de toekomst mogelijk te maken. \u00a0<\/p>\n\n\n\n<p>Via het RUP wordt de nadruk gelegd op de integratie van recyclageactiviteiten met de ambitie om een park met groene voorzieningen te cre\u00ebren. <\/p>\n\n\n<style>.kb-image1435_fa59f4-e4.kb-image-is-ratio-size, .kb-image1435_fa59f4-e4 .kb-image-is-ratio-size{max-width:489px;width:100%;}.wp-block-kadence-column > .kt-inside-inner-col > .kb-image1435_fa59f4-e4.kb-image-is-ratio-size, .wp-block-kadence-column > .kt-inside-inner-col > .kb-image1435_fa59f4-e4 .kb-image-is-ratio-size{align-self:unset;}.kb-image1435_fa59f4-e4 figure{max-width:489px;}.kb-image1435_fa59f4-e4 .image-is-svg, .kb-image1435_fa59f4-e4 .image-is-svg img{width:100%;}.kb-image1435_fa59f4-e4 .kb-image-has-overlay:after{opacity:0.3;}<\/style>\n<div class=\"wp-block-kadence-image kb-image1435_fa59f4-e4\"><figure class=\"aligncenter size-full\"><img loading=\"lazy\" decoding=\"async\" width=\"698\" height=\"592\" src=\"http:\/\/1932works.be\/wp-content\/uploads\/2025\/01\/stratenplan.jpg\" alt=\"\" class=\"kb-img wp-image-1440\" srcset=\"https:\/\/1932works.be\/wp-content\/uploads\/2025\/01\/stratenplan.jpg 698w, https:\/\/1932works.be\/wp-content\/uploads\/2025\/01\/stratenplan-300x254.jpg 300w, https:\/\/1932works.be\/wp-content\/uploads\/2025\/01\/stratenplan-14x12.jpg 14w\" sizes=\"auto, (max-width: 698px) 100vw, 698px\" \/><\/figure><\/div>\n\n\n\n<p>De zone die momenteel wordt ingenomen door industri\u00eble activiteiten, zal worden herbestemd als een zone voor industri\u00eble activiteiten (recyclagepark), wat nu niet het geval is. De niet-ge\u00ebxploiteerde en beboste gebieden behouden hun huidige bestemming.<\/p>\n\n\n\n<p>Deze beboste gebieden zullen worden ingericht als een park, met als doel deze op lange termijn te integreren in het recreatieve netwerk van de gemeente, waarbij hun publieke karakter wordt benadrukt.<\/p>\n\n\n<style>.kb-image1435_1bfe49-06.kb-image-is-ratio-size, .kb-image1435_1bfe49-06 .kb-image-is-ratio-size{max-width:510px;width:100%;}.wp-block-kadence-column > .kt-inside-inner-col > .kb-image1435_1bfe49-06.kb-image-is-ratio-size, .wp-block-kadence-column > .kt-inside-inner-col > .kb-image1435_1bfe49-06 .kb-image-is-ratio-size{align-self:unset;}.kb-image1435_1bfe49-06 figure{max-width:510px;}.kb-image1435_1bfe49-06 .image-is-svg, .kb-image1435_1bfe49-06 .image-is-svg img{width:100%;}.kb-image1435_1bfe49-06 .kb-image-has-overlay:after{opacity:0.3;}<\/style>\n<div class=\"wp-block-kadence-image kb-image1435_1bfe49-06\"><figure class=\"aligncenter size-full\"><img loading=\"lazy\" decoding=\"async\" width=\"629\" height=\"635\" src=\"http:\/\/1932works.be\/wp-content\/uploads\/2025\/01\/sat-foto.jpg\" alt=\"\" class=\"kb-img wp-image-1439\" srcset=\"https:\/\/1932works.be\/wp-content\/uploads\/2025\/01\/sat-foto.jpg 629w, https:\/\/1932works.be\/wp-content\/uploads\/2025\/01\/sat-foto-297x300.jpg 297w, https:\/\/1932works.be\/wp-content\/uploads\/2025\/01\/sat-foto-150x150.jpg 150w, https:\/\/1932works.be\/wp-content\/uploads\/2025\/01\/sat-foto-12x12.jpg 12w, https:\/\/1932works.be\/wp-content\/uploads\/2025\/01\/sat-foto-100x100.jpg 100w\" sizes=\"auto, (max-width: 629px) 100vw, 629px\" \/><\/figure><\/div>\n\n\n\n<p>Door de regularisatie van het recyclagepark, dat momenteel niet conform is, worden compensatiezones opgelegd. <\/p>\n\n\n\n<p>Vier compensatiegebieden worden onderzocht en vallen onder de verantwoordelijkheid van het bedrijf Vanpachtenbeke.<\/p>\n\n\n<style>.kb-image1435_900a0c-d7 .kb-image-has-overlay:after{opacity:0.3;}<\/style>\n<figure class=\"wp-block-kadence-image kb-image1435_900a0c-d7 size-full\"><img loading=\"lazy\" decoding=\"async\" width=\"888\" height=\"701\" src=\"http:\/\/1932works.be\/wp-content\/uploads\/2025\/01\/algemeen-plan.jpg\" alt=\"\" class=\"kb-img wp-image-1441\" srcset=\"https:\/\/1932works.be\/wp-content\/uploads\/2025\/01\/algemeen-plan.jpg 888w, https:\/\/1932works.be\/wp-content\/uploads\/2025\/01\/algemeen-plan-300x237.jpg 300w, https:\/\/1932works.be\/wp-content\/uploads\/2025\/01\/algemeen-plan-768x606.jpg 768w, https:\/\/1932works.be\/wp-content\/uploads\/2025\/01\/algemeen-plan-15x12.jpg 15w\" sizes=\"auto, (max-width: 767px) 89vw, (max-width: 1000px) 54vw, (max-width: 1071px) 543px, 580px\" \/><\/figure>\n\n\n\n<p>Van deze compensatiegebieden zal alleen zone 1 ten goede komen aan Sint-Stevens-Woluwe. De andere zones bevinden zich in het oosten in groot  Zaventem:<\/p>\n\n\n\n<ul class=\"wp-block-list\">\n<li><strong>zone 1<\/strong> : Lenneke Marelaan in Sint-Stevens-Woluwe (park)<\/li>\n\n\n\n<li><strong>zone 2<\/strong> : Kersenberg in Nossegem<\/li>\n\n\n\n<li><strong>zone 3<\/strong> : Beukendreef in Nossegem<\/li>\n\n\n\n<li><strong>zone 4<\/strong> : Moorselveld in Sterrebeek<\/li>\n<\/ul>\n\n\n\n<p>Projectzone en locatie\nDe projectzone bevindt zich nabij de Lenneke Marelaan, in de buurt van het UCL-ziekenhuis. Het ligt langs een lint van bedrijven en woningen, met hoogbouw van ongeveer 7 verdiepingen langs de Lenneke Marelaan. De overige zijden van de projectzone grenzen aan landbouwgrond. Aan de zuidkant grenst het gebied aan de Hippokrates-parking, die deel uitmaakt van het UCL-ziekenhuis.<\/p>\n\n\n<style>.kb-image1435_ace6b2-80 .kb-image-has-overlay:after{opacity:0.3;}<\/style>\n<figure class=\"wp-block-kadence-image kb-image1435_ace6b2-80 size-large\"><img loading=\"lazy\" decoding=\"async\" width=\"1024\" height=\"377\" src=\"http:\/\/1932works.be\/wp-content\/uploads\/2025\/01\/recy-park-1024x377.jpg\" alt=\"\" class=\"kb-img wp-image-1442\" srcset=\"https:\/\/1932works.be\/wp-content\/uploads\/2025\/01\/recy-park-1024x377.jpg 1024w, https:\/\/1932works.be\/wp-content\/uploads\/2025\/01\/recy-park-300x110.jpg 300w, https:\/\/1932works.be\/wp-content\/uploads\/2025\/01\/recy-park-768x283.jpg 768w, https:\/\/1932works.be\/wp-content\/uploads\/2025\/01\/recy-park-18x7.jpg 18w, https:\/\/1932works.be\/wp-content\/uploads\/2025\/01\/recy-park.jpg 1225w\" sizes=\"auto, (max-width: 767px) 89vw, (max-width: 1000px) 54vw, (max-width: 1071px) 543px, 580px\" \/><\/figure>\n\n\n\n<p>Binnen de projectzone bevindt zich het bedrijf Vanpachtenbeke, dat al vijf generaties actief is in de ontginningssector. Aanvankelijk werd hier leem gewonnen voor gebruik in de baksteenfabriek van het bedrijf. Toen deze activiteit economisch niet langer haalbaar was, schakelde men over op de winning van de onderliggende zandlagen. Tegenwoordig is deze zandwinning echter niet langer de hoofdactiviteit. Een groot deel van de groeve is ontgonnen en vervolgens opgevuld. De zandheuvels in het zuiden van de site herinneren nog steeds aan deze functie en geven het gebied een historisch karakter.<\/p>\n\n\n\n<p>Sinds het begin van de jaren 1990 is het resterende deel van de groeve ingericht als recyclagepark en wordt het gebruikt voor het sorteren van bouw- en sloopafval. De activiteiten op deze site bestaan voornamelijk uit het sorteren van ontvangen ladingen.<\/p>\n\n\n\n<p><strong>Regularisatie van de site Vanpachtenbeke: Verwachte maar controversi\u00eble ontwikkeling<\/strong><\/p>\n\n\n\n<p>Het bedrijf Vanpachtenbeke wordt nu gedwongen om zijn site te regulariseren door deze als industri\u00eble zone te classificeren. Deze regularisatie gaat echter gepaard met een herziening van de activiteiten: het sorteren van afval zal voortaan in een half open nieuw gebouw plaatsvinden, dat rekening houdt met de nabijgelegen woonzone..<\/p>\n\n\n\n<p>Ondanks deze ontwikkeling betreurt <strong>1932Works<\/strong> dat het grootste deel van de milieucompensaties ten goede komt aan de naburige gemeenten Nossegem en Sterrebeek, zonder voordelen voor Sint-Stevens-Woluwe.<\/p>\n\n\n\n<p><strong>Patrick Delaunoy, gemeenteraadslid van STOP BETON,<\/strong>belooft de belangen van Sint-Stevens-Woluwe te verdedigen tijdens de komende gemeenteraadsvergaderingen en stemmingen over dit dossier.<\/p>\n\n\n\n<p>Deze compensaties zijn bedoeld om bepaalde percelen om te vormen tot groene zones, waarmee toekomstige bebouwing wordt verboden. Hoewel dit een lovenswaardige milieumaatregel is, houdt het volgens 1932Works onvoldoende rekening met Sint-Stevens-Woluwe.<\/p>\n\n\n\n<p><\/p>\n\n\n\n<p><strong>Kersenberg te Nossegem<\/strong>: <\/p>\n\n\n<style>.kb-image1435_8e10af-65.kb-image-is-ratio-size, .kb-image1435_8e10af-65 .kb-image-is-ratio-size{max-width:529px;width:100%;}.wp-block-kadence-column > .kt-inside-inner-col > .kb-image1435_8e10af-65.kb-image-is-ratio-size, .wp-block-kadence-column > .kt-inside-inner-col > .kb-image1435_8e10af-65 .kb-image-is-ratio-size{align-self:unset;}.kb-image1435_8e10af-65{max-width:529px;}.image-is-svg.kb-image1435_8e10af-65{-webkit-flex:0 1 100%;flex:0 1 100%;}.image-is-svg.kb-image1435_8e10af-65 img{width:100%;}.kb-image1435_8e10af-65 .kb-image-has-overlay:after{opacity:0.3;}<\/style>\n<figure class=\"wp-block-kadence-image kb-image1435_8e10af-65 size-full\"><img loading=\"lazy\" decoding=\"async\" width=\"895\" height=\"548\" src=\"http:\/\/1932works.be\/wp-content\/uploads\/2025\/01\/nossegem.jpg\" alt=\"\" class=\"kb-img wp-image-1438\" srcset=\"https:\/\/1932works.be\/wp-content\/uploads\/2025\/01\/nossegem.jpg 895w, https:\/\/1932works.be\/wp-content\/uploads\/2025\/01\/nossegem-300x184.jpg 300w, https:\/\/1932works.be\/wp-content\/uploads\/2025\/01\/nossegem-768x470.jpg 768w, https:\/\/1932works.be\/wp-content\/uploads\/2025\/01\/nossegem-18x12.jpg 18w\" sizes=\"auto, (max-width: 767px) 89vw, (max-width: 1000px) 54vw, (max-width: 1071px) 543px, 580px\" \/><\/figure>\n\n\n\n<p><strong>Beukendreef te Nossegem: <\/strong><\/p>\n\n\n<style>.kb-image1435_9e6560-97.kb-image-is-ratio-size, .kb-image1435_9e6560-97 .kb-image-is-ratio-size{max-width:537px;width:100%;}.wp-block-kadence-column > .kt-inside-inner-col > .kb-image1435_9e6560-97.kb-image-is-ratio-size, .wp-block-kadence-column > .kt-inside-inner-col > .kb-image1435_9e6560-97 .kb-image-is-ratio-size{align-self:unset;}.kb-image1435_9e6560-97{max-width:537px;}.image-is-svg.kb-image1435_9e6560-97{-webkit-flex:0 1 100%;flex:0 1 100%;}.image-is-svg.kb-image1435_9e6560-97 img{width:100%;}.kb-image1435_9e6560-97 .kb-image-has-overlay:after{opacity:0.3;}<\/style>\n<figure class=\"wp-block-kadence-image kb-image1435_9e6560-97 size-full\"><img loading=\"lazy\" decoding=\"async\" width=\"907\" height=\"484\" src=\"http:\/\/1932works.be\/wp-content\/uploads\/2025\/01\/schapenweide.jpg\" alt=\"\" class=\"kb-img wp-image-1437\" srcset=\"https:\/\/1932works.be\/wp-content\/uploads\/2025\/01\/schapenweide.jpg 907w, https:\/\/1932works.be\/wp-content\/uploads\/2025\/01\/schapenweide-300x160.jpg 300w, https:\/\/1932works.be\/wp-content\/uploads\/2025\/01\/schapenweide-768x410.jpg 768w, https:\/\/1932works.be\/wp-content\/uploads\/2025\/01\/schapenweide-18x10.jpg 18w\" sizes=\"auto, (max-width: 767px) 89vw, (max-width: 1000px) 54vw, (max-width: 1071px) 543px, 580px\" \/><\/figure>\n\n\n\n<p><strong>Moorselveld te Sterrebeek:<\/strong><\/p>\n\n\n<style>.kb-image1435_d8e12f-3a .kb-image-has-overlay:after{opacity:0.3;}<\/style>\n<figure class=\"wp-block-kadence-image kb-image1435_d8e12f-3a size-full\"><img loading=\"lazy\" decoding=\"async\" width=\"904\" height=\"573\" src=\"http:\/\/1932works.be\/wp-content\/uploads\/2025\/01\/moorselveld.jpg\" alt=\"\" class=\"kb-img wp-image-1436\" srcset=\"https:\/\/1932works.be\/wp-content\/uploads\/2025\/01\/moorselveld.jpg 904w, https:\/\/1932works.be\/wp-content\/uploads\/2025\/01\/moorselveld-300x190.jpg 300w, https:\/\/1932works.be\/wp-content\/uploads\/2025\/01\/moorselveld-768x487.jpg 768w, https:\/\/1932works.be\/wp-content\/uploads\/2025\/01\/moorselveld-18x12.jpg 18w\" sizes=\"auto, (max-width: 767px) 89vw, (max-width: 1000px) 54vw, (max-width: 1071px) 543px, 580px\" \/><\/figure>\n<!-- AddThis Advanced Settings generic via filter on the_content -->","protected":false},"excerpt":{"rendered":"<p>Un changement important s\u2019op\u00e8re \u00e0 la Lenneke Marelaan&nbsp;: Un nouveau parc devrait voir le jour&nbsp;! Un nouveau plan d&rsquo;ex\u00e9cution spatial (RUP) a pour objectif de mettre \u00e0 jour l&rsquo;affectation de la zone Recyclagepark Vanpachtenbeke afin de permettre la continuit\u00e9 des activit\u00e9s de tri \u00e0 l&rsquo;avenir. \u00a0 \u00c0 travers le RUP, l&rsquo;accent est mis sur l&rsquo;int\u00e9gration &hellip; <\/p>\n<p class=\"link-more\"><a href=\"https:\/\/1932works.be\/nl\/un-nouveau-petit-parc-a-woluwe-saint-etienne\/\" class=\"more-link\">Lees verder <span class=\"screen-reader-text\">\u00ab\u00a0Un nouveau petit parc \u00e0 Woluw\u00e9 Saint-Etienne ?\u00a0\u00bb<\/span><\/a><\/p>\n<p><!-- AddThis Advanced Settings generic via filter on get_the_excerpt --><\/p>","protected":false},"author":1,"featured_media":0,"parent":0,"menu_order":0,"comment_status":"closed","ping_status":"closed","template":"","meta":{"footnotes":""},"class_list":["post-1435","page","type-page","status-publish","hentry"],"aioseo_notices":[],"_links":{"self":[{"href":"https:\/\/1932works.be\/nl\/wp-json\/wp\/v2\/pages\/1435","targetHints":{"allow":["GET"]}}],"collection":[{"href":"https:\/\/1932works.be\/nl\/wp-json\/wp\/v2\/pages"}],"about":[{"href":"https:\/\/1932works.be\/nl\/wp-json\/wp\/v2\/types\/page"}],"author":[{"embeddable":true,"href":"https:\/\/1932works.be\/nl\/wp-json\/wp\/v2\/users\/1"}],"replies":[{"embeddable":true,"href":"https:\/\/1932works.be\/nl\/wp-json\/wp\/v2\/comments?post=1435"}],"version-history":[{"count":1,"href":"https:\/\/1932works.be\/nl\/wp-json\/wp\/v2\/pages\/1435\/revisions"}],"predecessor-version":[{"id":1443,"href":"https:\/\/1932works.be\/nl\/wp-json\/wp\/v2\/pages\/1435\/revisions\/1443"}],"wp:attachment":[{"href":"https:\/\/1932works.be\/nl\/wp-json\/wp\/v2\/media?parent=1435"}],"curies":[{"name":"wp","href":"https:\/\/api.w.org\/{rel}","templated":true}]}}