{"id":11,"date":"2018-06-09T15:37:06","date_gmt":"2018-06-09T13:37:06","guid":{"rendered":"http:\/\/1932works.be\/?page_id=11"},"modified":"2021-03-24T22:41:55","modified_gmt":"2021-03-24T21:41:55","slug":"woluwe-promenade-2","status":"publish","type":"page","link":"https:\/\/1932works.be\/nl\/woluwe-promenade-2\/","title":{"rendered":"Woluwe promenade"},"content":{"rendered":"<p><span style=\"color: #008000;\"><strong>DOSSIER 2018.       - Geen vertaling in het nederlands.<\/strong><\/span><\/p>\n<hr \/>\n<p><span style=\"color: #008000;\">Mais avec impacts mobilit\u00e9 encore en 2021 !<\/span><\/p>\n<hr \/>\n<p><span lang=\"fr-BE\">Construction d\u00e9mente et bidouill\u00e9e par le fils Vermeiren hors l\u00e9galit\u00e9, mais trop tard pour agir.<\/span><\/p>\n<p><span lang=\"fr-BE\">23 places de parking en sous-sol + 40 places de parking en surface pour 100 appartements = 0.63\u00a0!!! au lieu d\u20191.5 emplacements par appartement l\u00e9gaux depuis le 14\/2\/2017 (pr\u00e9cision apport\u00e9e \u00e0 la r\u00e9glementation de l\u2019am\u00e9nagement du territoire \u00ab\u00a0ruimtelijke ordening\u00a0\u00bb par la bourgmestre une fois qu\u2019elle a pu agir)<\/span><\/p>\n<p><img loading=\"lazy\" decoding=\"async\" class=\"alignnone wp-image-7 size-full\" src=\"http:\/\/1932works.be\/wp-content\/uploads\/2018\/06\/woluwe-promenade.jpg\" alt=\"\" width=\"284\" height=\"177\" \/><\/p>\n<p><span lang=\"fr-BE\">7 \u00e9tages au lieu<\/span>\u00a0de 2 \u00e9tages en plus du rez.<\/p>\n<p><span lang=\"fr-BE\">-&gt; 2 gros probl\u00e8mes pour tout notre quartier\u00a0:<\/span><\/p>\n<p><span lang=\"fr-BE\">&#8211; <\/span><span lang=\"fr-BE\">Probl\u00e8me de parking<\/span><span lang=\"fr-BE\">\u00a0: les nouveaux venus vont devoir garer leur voiture dans toutes les rues adjacentes.<\/span><\/p>\n<p><span lang=\"fr-BE\">Nous avons demand\u00e9 \u00e0 notre bourgmestre d\u2019\u00e9valuer la possibilit\u00e9 d\u2019un parking \u00ab\u00a0vert\u00a0\u00bb \u00e0 l\u2019emplacement fra\u00eechement d\u00e9broussaill\u00e9 devant Aston Martin.<\/span><\/p>\n<p><span lang=\"fr-BE\">&#8211; <\/span><span lang=\"fr-BE\">Probl\u00e8me de circulation<\/span><span lang=\"fr-BE\">\u00a0: impossibilit\u00e9 de se croiser en cas de parking par le manque de recul des immeubles en construction. Donc pour aller au zoning de magasins Aldi, Renmans, Spar etc: nous refusons 2 boucles en sens unique Karenberg, Loofstraat et Van Damstraat.<\/span><\/p>\n<p>La seule solution est <strong>que la commune n&rsquo;autorise pas le parking dans la rue des nouvelles constructions Van Damstraat<\/strong>. Le promoteur Urbicon nous a assur\u00e9 que c&rsquo;est un b\u00e2timent pour expats et que les expats ne roulent pas en voiture ! Suite avant les \u00e9lections !<\/p>\n<p>Photo plus bas: on a d\u00e9j\u00e0 du mal \u00e0 se rappeler ce bout de nature !<\/p>\n<p><img loading=\"lazy\" decoding=\"async\" class=\"alignnone wp-image-48 size-full\" src=\"http:\/\/1932works.be\/wp-content\/uploads\/2018\/06\/avant-chantier-wol-promenade.jpg\" alt=\"\" width=\"800\" height=\"450\" srcset=\"https:\/\/1932works.be\/wp-content\/uploads\/2018\/06\/avant-chantier-wol-promenade.jpg 800w, https:\/\/1932works.be\/wp-content\/uploads\/2018\/06\/avant-chantier-wol-promenade-300x169.jpg 300w, https:\/\/1932works.be\/wp-content\/uploads\/2018\/06\/avant-chantier-wol-promenade-768x432.jpg 768w\" sizes=\"auto, (max-width: 767px) 89vw, (max-width: 1000px) 54vw, (max-width: 1071px) 543px, 580px\" \/><\/p>\n<!-- AddThis Advanced Settings generic via filter on the_content -->","protected":false},"excerpt":{"rendered":"<p>DOSSIER 2018. Mais avec impacts mobilit\u00e9 encore en 2021 ! Construction d\u00e9mente et bidouill\u00e9e par le fils Vermeiren hors l\u00e9galit\u00e9, mais trop tard pour agir. 23 places de parking en sous-sol + 40 places de parking en surface pour 100 appartements = 0.63\u00a0!!! au lieu d\u20191.5 emplacements par appartement l\u00e9gaux depuis le 14\/2\/2017 (pr\u00e9cision apport\u00e9e &hellip; <\/p>\n<p class=\"link-more\"><a href=\"https:\/\/1932works.be\/nl\/woluwe-promenade-2\/\" class=\"more-link\">Lees verder <span class=\"screen-reader-text\">\u00ab\u00a0Woluwe promenade\u00a0\u00bb<\/span><\/a><\/p>\n<p><!-- AddThis Advanced Settings generic via filter on get_the_excerpt --><\/p>","protected":false},"author":1,"featured_media":0,"parent":0,"menu_order":0,"comment_status":"closed","ping_status":"closed","template":"","meta":{"footnotes":""},"class_list":["post-11","page","type-page","status-publish","hentry"],"aioseo_notices":[],"_links":{"self":[{"href":"https:\/\/1932works.be\/nl\/wp-json\/wp\/v2\/pages\/11","targetHints":{"allow":["GET"]}}],"collection":[{"href":"https:\/\/1932works.be\/nl\/wp-json\/wp\/v2\/pages"}],"about":[{"href":"https:\/\/1932works.be\/nl\/wp-json\/wp\/v2\/types\/page"}],"author":[{"embeddable":true,"href":"https:\/\/1932works.be\/nl\/wp-json\/wp\/v2\/users\/1"}],"replies":[{"embeddable":true,"href":"https:\/\/1932works.be\/nl\/wp-json\/wp\/v2\/comments?post=11"}],"version-history":[{"count":8,"href":"https:\/\/1932works.be\/nl\/wp-json\/wp\/v2\/pages\/11\/revisions"}],"predecessor-version":[{"id":694,"href":"https:\/\/1932works.be\/nl\/wp-json\/wp\/v2\/pages\/11\/revisions\/694"}],"wp:attachment":[{"href":"https:\/\/1932works.be\/nl\/wp-json\/wp\/v2\/media?parent=11"}],"curies":[{"name":"wp","href":"https:\/\/api.w.org\/{rel}","templated":true}]}}